{"id":1227,"date":"2023-03-13T17:30:29","date_gmt":"2023-03-13T17:30:29","guid":{"rendered":"https:\/\/novohorizonte.org.br\/home\/?page_id=1227"},"modified":"2025-06-30T22:36:21","modified_gmt":"2025-07-01T01:36:21","slug":"estatuto","status":"publish","type":"page","link":"https:\/\/novohorizonte.org.br\/home\/estatuto\/","title":{"rendered":"Estatuto"},"content":{"rendered":"\t\t<div data-elementor-type=\"wp-page\" data-elementor-id=\"1227\" class=\"elementor elementor-1227\" data-elementor-settings=\"{&quot;ha_cmc_init_switcher&quot;:&quot;no&quot;}\" data-elementor-post-type=\"page\">\n\t\t\t\t<div class=\"elementor-element elementor-element-1789e989 e-flex e-con-boxed e-con e-parent\" data-id=\"1789e989\" data-element_type=\"container\" data-settings=\"{&quot;background_background&quot;:&quot;classic&quot;,&quot;_ha_eqh_enable&quot;:false}\">\n\t\t\t\t\t<div class=\"e-con-inner\">\n\t\t\t\t<div class=\"elementor-element elementor-element-21f797a4 elementor-widget elementor-widget-ha-page-title happy-addon ha-page-title\" data-id=\"21f797a4\" data-element_type=\"widget\" data-widget_type=\"ha-page-title.default\">\n\t\t\t\t<div class=\"elementor-widget-container\">\n\t\t\t\t\t<h2 class=\"ha-page-title elementor-size-large\">Estatuto<\/h2>\t\t\t\t<\/div>\n\t\t\t\t<\/div>\n\t\t\t\t<div class=\"elementor-element elementor-element-5d388edc elementor-widget elementor-widget-text-editor\" data-id=\"5d388edc\" data-element_type=\"widget\" data-widget_type=\"text-editor.default\">\n\t\t\t\t<div class=\"elementor-widget-container\">\n\t\t\t\t\t\t\t\t\t<h2 class=\"elementor-heading-title elementor-size-default\">| Conhe\u00e7a mais a fundo sobre nossa institui\u00e7\u00e3o.<\/h2>\t\t\t\t\t\t\t\t<\/div>\n\t\t\t\t<\/div>\n\t\t\t\t\t<\/div>\n\t\t\t\t<\/div>\n\t\t<div class=\"elementor-element elementor-element-a4e1e6f e-flex e-con-boxed e-con e-parent\" data-id=\"a4e1e6f\" data-element_type=\"container\" data-settings=\"{&quot;_ha_eqh_enable&quot;:false}\">\n\t\t\t\t\t<div class=\"e-con-inner\">\n\t\t\t\t<div class=\"elementor-element elementor-element-e640769 elementor-widget elementor-widget-heading\" data-id=\"e640769\" data-element_type=\"widget\" data-widget_type=\"heading.default\">\n\t\t\t\t<div class=\"elementor-widget-container\">\n\t\t\t\t\t<h2 class=\"elementor-heading-title elementor-size-default\">Conhe\u00e7a abaixo como nossa institui\u00e7\u00e3o se organiza e como se baseiam nossas a\u00e7\u00f5es.<\/h2>\t\t\t\t<\/div>\n\t\t\t\t<\/div>\n\t\t\t\t<div class=\"elementor-element elementor-element-1747e27 elementor-widget elementor-widget-text-editor\" data-id=\"1747e27\" data-element_type=\"widget\" data-widget_type=\"text-editor.default\">\n\t\t\t\t<div class=\"elementor-widget-container\">\n\t\t\t\t\t\t\t\t\t<p>Abaixo voc\u00ea pode acessar nosso Estatuto Social, conhecer nossa diretoria e todos que comp\u00f5e nossa institui\u00e7\u00e3o.<\/p>\t\t\t\t\t\t\t\t<\/div>\n\t\t\t\t<\/div>\n\t\t<div class=\"elementor-element elementor-element-77d4324 e-con-full e-flex e-con e-child\" data-id=\"77d4324\" data-element_type=\"container\" data-settings=\"{&quot;_ha_eqh_enable&quot;:false}\">\n\t\t<div class=\"elementor-element elementor-element-75261a2 e-con-full e-flex e-con e-child\" data-id=\"75261a2\" data-element_type=\"container\" data-settings=\"{&quot;_ha_eqh_enable&quot;:false}\">\n\t\t\t\t<div class=\"elementor-element elementor-element-1f56be9 elementor-align-justify elementor-widget elementor-widget-button\" data-id=\"1f56be9\" data-element_type=\"widget\" data-widget_type=\"button.default\">\n\t\t\t\t<div class=\"elementor-widget-container\">\n\t\t\t\t\t\t\t\t\t<div class=\"elementor-button-wrapper\">\n\t\t\t\t\t<a class=\"elementor-button elementor-button-link elementor-size-sm\" href=\"https:\/\/novohorizonte.org.br\/home\/wp-content\/uploads\/2025\/06\/1.-Estatuto-2025_compacto.pdf\">\n\t\t\t\t\t\t<span class=\"elementor-button-content-wrapper\">\n\t\t\t\t\t\t\t\t\t<span class=\"elementor-button-text\">ESTATUTO<\/span>\n\t\t\t\t\t<\/span>\n\t\t\t\t\t<\/a>\n\t\t\t\t<\/div>\n\t\t\t\t\t\t\t\t<\/div>\n\t\t\t\t<\/div>\n\t\t\t\t<\/div>\n\t\t<div class=\"elementor-element elementor-element-ccaa173 e-con-full e-flex e-con e-child\" data-id=\"ccaa173\" data-element_type=\"container\" data-settings=\"{&quot;_ha_eqh_enable&quot;:false}\">\n\t\t\t\t<div class=\"elementor-element elementor-element-1870136 elementor-align-justify elementor-widget elementor-widget-button\" data-id=\"1870136\" data-element_type=\"widget\" data-widget_type=\"button.default\">\n\t\t\t\t<div class=\"elementor-widget-container\">\n\t\t\t\t\t\t\t\t\t<div class=\"elementor-button-wrapper\">\n\t\t\t\t\t<a class=\"elementor-button elementor-button-link elementor-size-sm\" href=\"http:\/\/novohorizonte.org.br\/home\/wp-content\/uploads\/2025\/06\/2.-Ata-de-Eleicao-e-Posse-2025.pdf\">\n\t\t\t\t\t\t<span class=\"elementor-button-content-wrapper\">\n\t\t\t\t\t\t\t\t\t<span class=\"elementor-button-text\">ATA DE ELEI\u00c7\u00c3O E POSSE<\/span>\n\t\t\t\t\t<\/span>\n\t\t\t\t\t<\/a>\n\t\t\t\t<\/div>\n\t\t\t\t\t\t\t\t<\/div>\n\t\t\t\t<\/div>\n\t\t\t\t<\/div>\n\t\t\t\t<\/div>\n\t\t\t\t<div class=\"elementor-element elementor-element-170a43f elementor-widget elementor-widget-ha-pdf-view happy-addon ha-pdf-view\" data-id=\"170a43f\" data-element_type=\"widget\" data-widget_type=\"ha-pdf-view.default\">\n\t\t\t\t<div class=\"elementor-widget-container\">\n\t\t\t\t\t        <div class=\"pdf_viewer_container\">\n            <div class=\"pdf_viewer_options viewer-170a43f\" data-pdf-settings=\"{&quot;unique_id&quot;:&quot;viewer-170a43f&quot;,&quot;pdf_url&quot;:&quot;http:\\\/\\\/novohorizonte.org.br\\\/home\\\/wp-content\\\/uploads\\\/2025\\\/06\\\/1.-Estatuto-2025_compacto.pdf&quot;,&quot;file_type&quot;:&quot;upload_file&quot;,&quot;page_number&quot;:&quot;1&quot;,&quot;width&quot;:&quot;100%&quot;,&quot;height&quot;:&quot;600px&quot;}\">\n\t\t\t\t<span class=\"ha-title-flex\">\n\t\t\t\t\t<span class=\"pdf-icon\">\n\t\t\t\t\t\t<i aria-hidden=\"true\" class=\"fas fa-file-pdf\"><\/i>\t\t\t\t\t<\/span>\n\t\t\t\t\t<h2 class=\"ha-pdf-title\">Estatuto INH 2025<\/h2>\t\t\t\t<\/span>\n\t\t\t\t                <div class=\"pdf-button\">\n                                <\/div>\n            <\/div>\n\n\t\t\t<div>\n\t\t\t\t<div id=\"viewer-170a43f\"><\/div>\n\t\t\t<\/div>\n\n        <\/div>\n        \t\t\t\t<\/div>\n\t\t\t\t<\/div>\n\t\t\t\t\t<\/div>\n\t\t\t\t<\/div>\n\t\t\t\t<\/div>\n\t\t","protected":false},"excerpt":{"rendered":"<p>Estatuto | Conhe\u00e7a mais a fundo sobre nossa institui\u00e7\u00e3o. Conhe\u00e7a abaixo como nossa institui\u00e7\u00e3o se organiza e como se baseiam nossas a\u00e7\u00f5es. Abaixo voc\u00ea pode acessar nosso Estatuto Social, conhecer nossa diretoria e todos que comp\u00f5e nossa institui\u00e7\u00e3o. ESTATUTO ATA DE ELEI\u00c7\u00c3O E POSSE Estatuto INH 2025<\/p>\n","protected":false},"author":1,"featured_media":0,"parent":0,"menu_order":0,"comment_status":"closed","ping_status":"closed","template":"","meta":{"footnotes":""},"class_list":["post-1227","page","type-page","status-publish","hentry"],"_links":{"self":[{"href":"https:\/\/novohorizonte.org.br\/home\/wp-json\/wp\/v2\/pages\/1227","targetHints":{"allow":["GET"]}}],"collection":[{"href":"https:\/\/novohorizonte.org.br\/home\/wp-json\/wp\/v2\/pages"}],"about":[{"href":"https:\/\/novohorizonte.org.br\/home\/wp-json\/wp\/v2\/types\/page"}],"author":[{"embeddable":true,"href":"https:\/\/novohorizonte.org.br\/home\/wp-json\/wp\/v2\/users\/1"}],"replies":[{"embeddable":true,"href":"https:\/\/novohorizonte.org.br\/home\/wp-json\/wp\/v2\/comments?post=1227"}],"version-history":[{"count":63,"href":"https:\/\/novohorizonte.org.br\/home\/wp-json\/wp\/v2\/pages\/1227\/revisions"}],"predecessor-version":[{"id":4593,"href":"https:\/\/novohorizonte.org.br\/home\/wp-json\/wp\/v2\/pages\/1227\/revisions\/4593"}],"wp:attachment":[{"href":"https:\/\/novohorizonte.org.br\/home\/wp-json\/wp\/v2\/media?parent=1227"}],"curies":[{"name":"wp","href":"https:\/\/api.w.org\/{rel}","templated":true}]}}