{"id":1846,"date":"2023-03-16T19:09:12","date_gmt":"2023-03-16T19:09:12","guid":{"rendered":"https:\/\/novohorizonte.org.br\/home\/?page_id=1846"},"modified":"2023-04-17T18:31:29","modified_gmt":"2023-04-17T18:31:29","slug":"doacao","status":"publish","type":"page","link":"https:\/\/novohorizonte.org.br\/home\/doacao\/","title":{"rendered":"Doe"},"content":{"rendered":"\t\t<div data-elementor-type=\"wp-page\" data-elementor-id=\"1846\" class=\"elementor elementor-1846\" data-elementor-settings=\"{&quot;ha_cmc_init_switcher&quot;:&quot;no&quot;}\" data-elementor-post-type=\"page\">\n\t\t\t\t<div class=\"elementor-element elementor-element-54fd547e e-flex e-con-boxed e-con e-parent\" data-id=\"54fd547e\" data-element_type=\"container\" data-settings=\"{&quot;background_background&quot;:&quot;classic&quot;,&quot;_ha_eqh_enable&quot;:false}\">\n\t\t\t\t\t<div class=\"e-con-inner\">\n\t\t\t\t<div class=\"elementor-element elementor-element-23411ca elementor-widget elementor-widget-ha-page-title happy-addon ha-page-title\" data-id=\"23411ca\" data-element_type=\"widget\" data-widget_type=\"ha-page-title.default\">\n\t\t\t\t<div class=\"elementor-widget-container\">\n\t\t\t\t\t<h2 class=\"ha-page-title elementor-size-large\">Doe<\/h2>\t\t\t\t<\/div>\n\t\t\t\t<\/div>\n\t\t\t\t<div class=\"elementor-element elementor-element-9116b12 elementor-widget elementor-widget-text-editor\" data-id=\"9116b12\" data-element_type=\"widget\" data-widget_type=\"text-editor.default\">\n\t\t\t\t<div class=\"elementor-widget-container\">\n\t\t\t\t\t\t\t\t\t<h2 class=\"elementor-heading-title elementor-size-default\">| Contribua com os nossos projetos e fa\u00e7a parte da transforma\u00e7\u00e3o que estamos proporcionando ao mundo.<\/h2>\t\t\t\t\t\t\t\t<\/div>\n\t\t\t\t<\/div>\n\t\t\t\t\t<\/div>\n\t\t\t\t<\/div>\n\t\t<div class=\"elementor-element elementor-element-2b84444 e-flex e-con-boxed e-con e-parent\" data-id=\"2b84444\" data-element_type=\"container\" data-settings=\"{&quot;background_background&quot;:&quot;classic&quot;,&quot;_ha_eqh_enable&quot;:false}\">\n\t\t\t\t\t<div class=\"e-con-inner\">\n\t\t<div class=\"elementor-element elementor-element-6f6bd30 e-con-full e-flex e-con e-child\" data-id=\"6f6bd30\" data-element_type=\"container\" data-settings=\"{&quot;_ha_eqh_enable&quot;:false}\">\n\t\t\t\t<div class=\"elementor-element elementor-element-3aa8029 elementor-widget elementor-widget-heading\" data-id=\"3aa8029\" data-element_type=\"widget\" data-widget_type=\"heading.default\">\n\t\t\t\t<div class=\"elementor-widget-container\">\n\t\t\t\t\t<h2 class=\"elementor-heading-title elementor-size-default\">Nossas contas banc\u00e1rias<\/h2>\t\t\t\t<\/div>\n\t\t\t\t<\/div>\n\t\t<div class=\"elementor-element elementor-element-da54613 e-flex e-con-boxed e-con e-child\" data-id=\"da54613\" data-element_type=\"container\" data-settings=\"{&quot;_ha_eqh_enable&quot;:false}\">\n\t\t\t\t\t<div class=\"e-con-inner\">\n\t\t\t\t<div class=\"elementor-element elementor-element-45df6b7 elementor-widget elementor-widget-text-editor\" data-id=\"45df6b7\" data-element_type=\"widget\" data-widget_type=\"text-editor.default\">\n\t\t\t\t<div class=\"elementor-widget-container\">\n\t\t\t\t\t\t\t\t\t<p>Voc\u00ea pode doar diretamente para nossa conta banc\u00e1ria abaixo:<\/p>\t\t\t\t\t\t\t\t<\/div>\n\t\t\t\t<\/div>\n\t\t<div class=\"elementor-element elementor-element-71fc553 e-con-full e-flex e-con e-child\" data-id=\"71fc553\" data-element_type=\"container\" data-settings=\"{&quot;_ha_eqh_enable&quot;:false}\">\n\t\t\t\t<div class=\"elementor-element elementor-element-3e0645d elementor-widget__width-initial elementor-widget elementor-widget-image\" data-id=\"3e0645d\" data-element_type=\"widget\" data-widget_type=\"image.default\">\n\t\t\t\t<div class=\"elementor-widget-container\">\n\t\t\t\t\t\t\t\t\t\t\t\t\t\t\t<img decoding=\"async\" width=\"150\" height=\"100\" src=\"https:\/\/novohorizonte.org.br\/home\/wp-content\/uploads\/2023\/03\/Sicredi-Logos-150x100px.png\" class=\"attachment-large size-large wp-image-1830\" alt=\"\" \/>\t\t\t\t\t\t\t\t\t\t\t\t\t\t\t<\/div>\n\t\t\t\t<\/div>\n\t\t<div class=\"elementor-element elementor-element-0bf80c8 e-con-full e-flex e-con e-child\" data-id=\"0bf80c8\" data-element_type=\"container\" data-settings=\"{&quot;_ha_eqh_enable&quot;:false}\">\n\t\t\t\t<div class=\"elementor-element elementor-element-f762ee1 elementor-widget elementor-widget-heading\" data-id=\"f762ee1\" data-element_type=\"widget\" data-widget_type=\"heading.default\">\n\t\t\t\t<div class=\"elementor-widget-container\">\n\t\t\t\t\t<h2 class=\"elementor-heading-title elementor-size-default\">CONTA<\/h2>\t\t\t\t<\/div>\n\t\t\t\t<\/div>\n\t\t\t\t<div class=\"elementor-element elementor-element-c20f717 elementor-widget elementor-widget-heading\" data-id=\"c20f717\" data-element_type=\"widget\" data-widget_type=\"heading.default\">\n\t\t\t\t<div class=\"elementor-widget-container\">\n\t\t\t\t\t<h2 class=\"elementor-heading-title elementor-size-default\">95081-5<\/h2>\t\t\t\t<\/div>\n\t\t\t\t<\/div>\n\t\t\t\t<div class=\"elementor-element elementor-element-e5ccaeb elementor-widget elementor-widget-heading\" data-id=\"e5ccaeb\" data-element_type=\"widget\" data-widget_type=\"heading.default\">\n\t\t\t\t<div class=\"elementor-widget-container\">\n\t\t\t\t\t<h2 class=\"elementor-heading-title elementor-size-default\">AG\u00caNCIA<\/h2>\t\t\t\t<\/div>\n\t\t\t\t<\/div>\n\t\t\t\t<div class=\"elementor-element elementor-element-ebdce45 elementor-widget elementor-widget-heading\" data-id=\"ebdce45\" data-element_type=\"widget\" data-widget_type=\"heading.default\">\n\t\t\t\t<div class=\"elementor-widget-container\">\n\t\t\t\t\t<h2 class=\"elementor-heading-title elementor-size-default\">2205<\/h2>\t\t\t\t<\/div>\n\t\t\t\t<\/div>\n\t\t\t\t<\/div>\n\t\t\t\t<\/div>\n\t\t\t\t<div class=\"elementor-element elementor-element-dee5b09 elementor-widget elementor-widget-heading\" data-id=\"dee5b09\" data-element_type=\"widget\" data-widget_type=\"heading.default\">\n\t\t\t\t<div class=\"elementor-widget-container\">\n\t\t\t\t\t<h2 class=\"elementor-heading-title elementor-size-default\">Por nosso Pix:<\/h2>\t\t\t\t<\/div>\n\t\t\t\t<\/div>\n\t\t\t\t<div class=\"elementor-element elementor-element-edf82fa elementor-widget elementor-widget-text-editor\" data-id=\"edf82fa\" data-element_type=\"widget\" data-widget_type=\"text-editor.default\">\n\t\t\t\t<div class=\"elementor-widget-container\">\n\t\t\t\t\t\t\t\t\t<p>Instituto Novo Horizonte\u00a0CNPJ: 69.978.518\/0001-09<\/p>\t\t\t\t\t\t\t\t<\/div>\n\t\t\t\t<\/div>\n\t\t\t\t\t<\/div>\n\t\t\t\t<\/div>\n\t\t\t\t<div class=\"elementor-element elementor-element-eb85d23 elementor-widget elementor-widget-heading\" data-id=\"eb85d23\" data-element_type=\"widget\" data-widget_type=\"heading.default\">\n\t\t\t\t<div class=\"elementor-widget-container\">\n\t\t\t\t\t<h2 class=\"elementor-heading-title elementor-size-default\">ou se preferir:<\/h2>\t\t\t\t<\/div>\n\t\t\t\t<\/div>\n\t\t\t\t<div class=\"elementor-element elementor-element-9f8c073 elementor-widget elementor-widget-text-editor\" data-id=\"9f8c073\" data-element_type=\"widget\" data-widget_type=\"text-editor.default\">\n\t\t\t\t<div class=\"elementor-widget-container\">\n\t\t\t\t\t\t\t\t\t<p>Voc\u00ea pode fazer sua doa\u00e7\u00e3o atrav\u00e9s da sua conta PayPal, PagSeguro ou QR Code<\/p>\t\t\t\t\t\t\t\t<\/div>\n\t\t\t\t<\/div>\n\t\t<div class=\"elementor-element elementor-element-3956f4f e-con-full e-flex e-con e-child\" data-id=\"3956f4f\" data-element_type=\"container\" data-settings=\"{&quot;_ha_eqh_enable&quot;:false}\">\n\t\t<div class=\"elementor-element elementor-element-94d4162 e-con-full e-flex e-con e-child\" data-id=\"94d4162\" data-element_type=\"container\" data-settings=\"{&quot;_ha_eqh_enable&quot;:false}\">\n\t\t\t\t<div class=\"elementor-element elementor-element-b35875b elementor-widget elementor-widget-html\" data-id=\"b35875b\" data-element_type=\"widget\" data-widget_type=\"html.default\">\n\t\t\t\t<div class=\"elementor-widget-container\">\n\t\t\t\t\t<!-- INICIO FORMULARIO BOTAO PAGSEGURO -->\n<form action=\"https:\/\/pagseguro.uol.com.br\/checkout\/v2\/donation.html\" method=\"post\">\n<!-- N\u00c3O EDITE OS COMANDOS DAS LINHAS ABAIXO -->\n<input type=\"hidden\" name=\"currency\" value=\"BRL\" \/>\n<input type=\"hidden\" name=\"receiverEmail\" value=\"contato@institutonovohorizonte.com.br\" \/>\n<input type=\"hidden\" name=\"iot\" value=\"button\" \/>\n<input type=\"image\" src=\"https:\/\/stc.pagseguro.uol.com.br\/public\/img\/botoes\/doacoes\/184x42-doar-assina.gif\" name=\"submit\" alt=\"Pague com PagSeguro - \u00e9 r\u00e1pido, gr\u00e1tis e seguro!\" \/>\n<\/form>\n<!-- FINAL FORMULARIO BOTAO PAGSEGURO -->\t\t\t\t<\/div>\n\t\t\t\t<\/div>\n\t\t\t\t<\/div>\n\t\t<div class=\"elementor-element elementor-element-3508fc2 e-con-full e-flex e-con e-child\" data-id=\"3508fc2\" data-element_type=\"container\" data-settings=\"{&quot;_ha_eqh_enable&quot;:false}\">\n\t\t\t\t<div class=\"elementor-element elementor-element-da8589f elementor-widget elementor-widget-button\" data-id=\"da8589f\" data-element_type=\"widget\" data-widget_type=\"button.default\">\n\t\t\t\t<div class=\"elementor-widget-container\">\n\t\t\t\t\t\t\t\t\t<div class=\"elementor-button-wrapper\">\n\t\t\t\t\t<a class=\"elementor-button elementor-button-link elementor-size-sm\" href=\"https:\/\/www.paypal.com\/donate\/?hosted_button_id=T64ELLLDGGMTC\">\n\t\t\t\t\t\t<span class=\"elementor-button-content-wrapper\">\n\t\t\t\t\t\t\t\t\t<span class=\"elementor-button-text\">Doe com PayPal<\/span>\n\t\t\t\t\t<\/span>\n\t\t\t\t\t<\/a>\n\t\t\t\t<\/div>\n\t\t\t\t\t\t\t\t<\/div>\n\t\t\t\t<\/div>\n\t\t\t\t<\/div>\n\t\t<div class=\"elementor-element elementor-element-ce2d9a2 e-con-full e-flex e-con e-child\" data-id=\"ce2d9a2\" data-element_type=\"container\" data-settings=\"{&quot;_ha_eqh_enable&quot;:false}\">\n\t\t\t\t<div class=\"elementor-element elementor-element-9135f63 elementor-widget__width-initial elementor-widget elementor-widget-image\" data-id=\"9135f63\" data-element_type=\"widget\" data-widget_type=\"image.default\">\n\t\t\t\t<div class=\"elementor-widget-container\">\n\t\t\t\t\t\t\t\t\t\t\t\t\t\t\t<img fetchpriority=\"high\" decoding=\"async\" width=\"800\" height=\"396\" src=\"https:\/\/novohorizonte.org.br\/home\/wp-content\/uploads\/2023\/04\/Tag-doacao-QR-PagSeguro.png\" class=\"attachment-large size-large wp-image-3553\" alt=\"\" srcset=\"https:\/\/novohorizonte.org.br\/home\/wp-content\/uploads\/2023\/04\/Tag-doacao-QR-PagSeguro.png 1015w, https:\/\/novohorizonte.org.br\/home\/wp-content\/uploads\/2023\/04\/Tag-doacao-QR-PagSeguro-300x149.png 300w, https:\/\/novohorizonte.org.br\/home\/wp-content\/uploads\/2023\/04\/Tag-doacao-QR-PagSeguro-768x381.png 768w\" sizes=\"(max-width: 800px) 100vw, 800px\" \/>\t\t\t\t\t\t\t\t\t\t\t\t\t\t\t<\/div>\n\t\t\t\t<\/div>\n\t\t\t\t<\/div>\n\t\t\t\t<\/div>\n\t\t\t\t<\/div>\n\t\t\t\t\t<\/div>\n\t\t\t\t<\/div>\n\t\t<div class=\"elementor-element elementor-element-54eaa3c e-flex e-con-boxed e-con e-parent\" data-id=\"54eaa3c\" data-element_type=\"container\" data-settings=\"{&quot;background_background&quot;:&quot;classic&quot;,&quot;_ha_eqh_enable&quot;:false}\">\n\t\t\t\t\t<div class=\"e-con-inner\">\n\t\t<div class=\"elementor-element elementor-element-8c315ef e-flex e-con-boxed e-con e-child\" data-id=\"8c315ef\" data-element_type=\"container\" data-settings=\"{&quot;_ha_eqh_enable&quot;:false}\">\n\t\t\t\t\t<div class=\"e-con-inner\">\n\t\t\t\t<div class=\"elementor-element elementor-element-66bb4d4 elementor-widget elementor-widget-heading\" data-id=\"66bb4d4\" data-element_type=\"widget\" data-widget_type=\"heading.default\">\n\t\t\t\t<div class=\"elementor-widget-container\">\n\t\t\t\t\t<h2 class=\"elementor-heading-title elementor-size-default\">Como e o qu\u00ea eu posso doar?<\/h2>\t\t\t\t<\/div>\n\t\t\t\t<\/div>\n\t\t\t\t<div class=\"elementor-element elementor-element-46d2a8c elementor-widget elementor-widget-text-editor\" data-id=\"46d2a8c\" data-element_type=\"widget\" data-widget_type=\"text-editor.default\">\n\t\t\t\t<div class=\"elementor-widget-container\">\n\t\t\t\t\t\t\t\t\t<p>Se voc\u00ea est\u00e1 procurando uma maneira de apoiar nosso instituto e contribuir para as causas que defendemos, existem diversas formas de fazer doa\u00e7\u00f5es. Aqui est\u00e3o algumas maneiras que voc\u00ea pode fazer sua doa\u00e7\u00e3o:<\/p><ol><li><p><strong>Doa\u00e7\u00f5es em dinheiro:<\/strong> Voc\u00ea pode fazer doa\u00e7\u00f5es em dinheiro atrav\u00e9s de transfer\u00eancia banc\u00e1ria ou dep\u00f3sito diretamente na conta do nosso instituto. As informa\u00e7\u00f5es banc\u00e1rias necess\u00e1rias para realizar a doa\u00e7\u00e3o est\u00e3o dispon\u00edveis logo abaixo!<\/p><\/li><li><p><strong>Cart\u00e3o de cr\u00e9dito e d\u00e9bito:<\/strong> N\u00f3s aceitamos doa\u00e7\u00f5es por meio de cart\u00f5es de cr\u00e9dito e d\u00e9bito. Para doar desta forma, basta acessar um dos bot\u00f5es abaixo (Doa\u00e7\u00e3o com PayPal ou Pagseguro) e selecionar op\u00e7\u00e3o de pagamento que deseja. O processo \u00e9 seguro e r\u00e1pido.<\/p><\/li><li><p><strong>Boleto banc\u00e1rio:<\/strong> Caso prefira, voc\u00ea tamb\u00e9m pode gerar um boleto banc\u00e1rio em nosso site e realizar o pagamento em qualquer ag\u00eancia banc\u00e1ria ou pelo internet banking.<\/p><p>Para isso, basta voc\u00ea clicar no bot\u00e3o &#8220;Pagseguro&#8221; abaixo, preencher suas informa\u00e7\u00f5es e selecionar a op\u00e7\u00e3o &#8220;Boleto&#8221;.<\/p><\/li><li><p><strong>Materiais de insumo, bens m\u00f3veis e im\u00f3veis:<\/strong> Al\u00e9m de doa\u00e7\u00f5es em dinheiro, tamb\u00e9m aceitamos doa\u00e7\u00f5es de materiais de insumo, bens m\u00f3veis e im\u00f3veis. Se voc\u00ea tem algum item que gostaria de doar, entre em contato conosco para verificar a possibilidade de recebimento e o processo para realiza\u00e7\u00e3o da doa\u00e7\u00e3o.\u00a0<\/p><p>*Acesse abaixo nossa &#8220;Pol\u00edtica de Doa\u00e7\u00f5es&#8221; e saiba como e o que pode doar.<\/p><\/li><\/ol><p>Agradecemos imensamente o seu apoio e contribui\u00e7\u00e3o para a realiza\u00e7\u00e3o de nossos projetos e a\u00e7\u00f5es para transformar o Cana\u00e3. Sua doa\u00e7\u00e3o pode fazer a diferen\u00e7a na vida de muitas pessoas e comunidades atendidas por nosso instituto. Juntos podemos transformar a realidade e tornar o mundo um lugar melhor!<\/p>\t\t\t\t\t\t\t\t<\/div>\n\t\t\t\t<\/div>\n\t\t\t\t<div class=\"elementor-element elementor-element-b7c6fde elementor-widget elementor-widget-text-editor\" data-id=\"b7c6fde\" data-element_type=\"widget\" data-widget_type=\"text-editor.default\">\n\t\t\t\t<div class=\"elementor-widget-container\">\n\t\t\t\t\t\t\t\t\t<p>Saiba mais sobre nossa <strong>Pol\u00edtica de doa\u00e7\u00f5es:<\/strong><\/p>\t\t\t\t\t\t\t\t<\/div>\n\t\t\t\t<\/div>\n\t\t\t\t<div class=\"elementor-element elementor-element-edbce8a elementor-widget elementor-widget-button\" data-id=\"edbce8a\" data-element_type=\"widget\" data-widget_type=\"button.default\">\n\t\t\t\t<div class=\"elementor-widget-container\">\n\t\t\t\t\t\t\t\t\t<div class=\"elementor-button-wrapper\">\n\t\t\t\t\t<a class=\"elementor-button elementor-button-link elementor-size-sm\" href=\"https:\/\/drive.google.com\/file\/d\/1hh-o41QjK4ff5mPbO52n9Z9EMwnimvBx\/view?usp=share_link\">\n\t\t\t\t\t\t<span class=\"elementor-button-content-wrapper\">\n\t\t\t\t\t\t\t\t\t<span class=\"elementor-button-text\">Clique aqui<\/span>\n\t\t\t\t\t<\/span>\n\t\t\t\t\t<\/a>\n\t\t\t\t<\/div>\n\t\t\t\t\t\t\t\t<\/div>\n\t\t\t\t<\/div>\n\t\t\t\t\t<\/div>\n\t\t\t\t<\/div>\n\t\t\t\t\t<\/div>\n\t\t\t\t<\/div>\n\t\t\t\t<\/div>\n\t\t","protected":false},"excerpt":{"rendered":"<p>Doe | Contribua com os nossos projetos e fa\u00e7a parte da transforma\u00e7\u00e3o que estamos proporcionando ao mundo. Nossas contas banc\u00e1rias Voc\u00ea pode doar diretamente para nossa conta banc\u00e1ria abaixo: CONTA 95081-5 AG\u00caNCIA 2205 Por nosso Pix: Instituto Novo Horizonte\u00a0CNPJ: 69.978.518\/0001-09 ou se preferir: Voc\u00ea pode fazer sua doa\u00e7\u00e3o atrav\u00e9s da sua conta PayPal, PagSeguro ou [&hellip;]<\/p>\n","protected":false},"author":1,"featured_media":0,"parent":0,"menu_order":0,"comment_status":"closed","ping_status":"closed","template":"","meta":{"footnotes":""},"class_list":["post-1846","page","type-page","status-publish","hentry"],"_links":{"self":[{"href":"https:\/\/novohorizonte.org.br\/home\/wp-json\/wp\/v2\/pages\/1846","targetHints":{"allow":["GET"]}}],"collection":[{"href":"https:\/\/novohorizonte.org.br\/home\/wp-json\/wp\/v2\/pages"}],"about":[{"href":"https:\/\/novohorizonte.org.br\/home\/wp-json\/wp\/v2\/types\/page"}],"author":[{"embeddable":true,"href":"https:\/\/novohorizonte.org.br\/home\/wp-json\/wp\/v2\/users\/1"}],"replies":[{"embeddable":true,"href":"https:\/\/novohorizonte.org.br\/home\/wp-json\/wp\/v2\/comments?post=1846"}],"version-history":[{"count":132,"href":"https:\/\/novohorizonte.org.br\/home\/wp-json\/wp\/v2\/pages\/1846\/revisions"}],"predecessor-version":[{"id":4157,"href":"https:\/\/novohorizonte.org.br\/home\/wp-json\/wp\/v2\/pages\/1846\/revisions\/4157"}],"wp:attachment":[{"href":"https:\/\/novohorizonte.org.br\/home\/wp-json\/wp\/v2\/media?parent=1846"}],"curies":[{"name":"wp","href":"https:\/\/api.w.org\/{rel}","templated":true}]}}