{"id":199,"date":"2023-03-06T05:14:11","date_gmt":"2023-03-06T05:14:11","guid":{"rendered":"https:\/\/novohorizonte.org.br\/home\/?page_id=199"},"modified":"2025-07-08T18:43:24","modified_gmt":"2025-07-08T21:43:24","slug":"transparencia","status":"publish","type":"page","link":"https:\/\/novohorizonte.org.br\/home\/transparencia\/","title":{"rendered":"Transpar\u00eancia"},"content":{"rendered":"\t\t<div data-elementor-type=\"wp-page\" data-elementor-id=\"199\" class=\"elementor elementor-199\" data-elementor-settings=\"{&quot;ha_cmc_init_switcher&quot;:&quot;no&quot;}\" data-elementor-post-type=\"page\">\n\t\t\t\t<div class=\"elementor-element elementor-element-78948940 e-flex e-con-boxed e-con e-parent\" data-id=\"78948940\" data-element_type=\"container\" data-settings=\"{&quot;background_background&quot;:&quot;classic&quot;,&quot;_ha_eqh_enable&quot;:false}\">\n\t\t\t\t\t<div class=\"e-con-inner\">\n\t\t\t\t<div class=\"elementor-element elementor-element-3c5e0218 elementor-widget elementor-widget-ha-page-title happy-addon ha-page-title\" data-id=\"3c5e0218\" data-element_type=\"widget\" data-widget_type=\"ha-page-title.default\">\n\t\t\t\t<div class=\"elementor-widget-container\">\n\t\t\t\t\t<h2 class=\"ha-page-title elementor-size-large\">Transpar\u00eancia<\/h2>\t\t\t\t<\/div>\n\t\t\t\t<\/div>\n\t\t\t\t<div class=\"elementor-element elementor-element-1905b03d elementor-widget elementor-widget-text-editor\" data-id=\"1905b03d\" data-element_type=\"widget\" data-widget_type=\"text-editor.default\">\n\t\t\t\t<div class=\"elementor-widget-container\">\n\t\t\t\t\t\t\t\t\t<h2 class=\"elementor-heading-title elementor-size-default\">| Saiba mais sobre o nosso compromisso, gest\u00e3o e processos.\u00a0<\/h2>\t\t\t\t\t\t\t\t<\/div>\n\t\t\t\t<\/div>\n\t\t\t\t\t<\/div>\n\t\t\t\t<\/div>\n\t\t<div class=\"elementor-element elementor-element-b8bdc46 e-flex e-con-boxed e-con e-parent\" data-id=\"b8bdc46\" data-element_type=\"container\" data-settings=\"{&quot;_ha_eqh_enable&quot;:false}\">\n\t\t\t\t\t<div class=\"e-con-inner\">\n\t\t\t\t<div class=\"elementor-element elementor-element-e2786b7 elementor-widget-tablet__width-initial elementor-widget elementor-widget-text-editor\" data-id=\"e2786b7\" data-element_type=\"widget\" data-widget_type=\"text-editor.default\">\n\t\t\t\t<div class=\"elementor-widget-container\">\n\t\t\t\t\t\t\t\t\t<p>\u00c9 com grande satisfa\u00e7\u00e3o que refor\u00e7amos nosso compromisso com a busca incessante pela excel\u00eancia em todas as atividades realizadas pelo Instituto Novo Horizonte. Como parte de nossa miss\u00e3o de transformar a vida de centenas de pessoas nas comunidades carentes que atendemos, estamos empenhados em aprimorar constantemente nossos processos, pr\u00e1ticas de gest\u00e3o e governan\u00e7a.<\/p>\n<p>Acreditamos que a transpar\u00eancia e a presta\u00e7\u00e3o de contas s\u00e3o elementos-chave para o fortalecimento de nossos la\u00e7os com todos os nossos stakeholders. Por isso, nos comprometemos a fornecer informa\u00e7\u00f5es relevantes que subsidiem a indica\u00e7\u00e3o de estrat\u00e9gias de sustentabilidade no processo de qualifica\u00e7\u00e3o das pessoas atendidas por nossa institui\u00e7\u00e3o.<\/p>\n<p>Nossos stakeholders ter\u00e3o a oportunidade de acompanhar de perto o andamento das a\u00e7\u00f5es acordadas e conhecer detalhadamente como e onde s\u00e3o aplicados os recursos captados. Al\u00e9m disso, disponibilizaremos informa\u00e7\u00f5es sobre as atividades realizadas, metas alcan\u00e7adas, p\u00fablico atendido, prazos, legisla\u00e7\u00e3o e controles previstos nos editais, sejam eles p\u00fablicos ou privados.<\/p>\n<p>Nosso compromisso vai al\u00e9m de simplesmente cumprir obriga\u00e7\u00f5es legais. Buscamos construir rela\u00e7\u00f5es de longo prazo com nossos stakeholders, baseadas na confian\u00e7a, na transpar\u00eancia e na responsabilidade. Valorizamos o di\u00e1logo aberto e construtivo, e estamos abertos a ouvir sugest\u00f5es, cr\u00edticas e feedbacks, visando sempre aprimorar nossas pr\u00e1ticas e entregar resultados cada vez melhores.<\/p>\n<p>Em resumo, reiteramos nossa dedica\u00e7\u00e3o em promover a excel\u00eancia em todas as esferas de nossa atua\u00e7\u00e3o, gerando valor para nossos stakeholders e contribuindo para o desenvolvimento sustent\u00e1vel das comunidades carentes que servimos. Contamos com o apoio e a parceria de todos voc\u00eas nessa jornada.<\/p>\t\t\t\t\t\t\t\t<\/div>\n\t\t\t\t<\/div>\n\t\t\t\t\t<\/div>\n\t\t\t\t<\/div>\n\t\t<div class=\"elementor-element elementor-element-7040424 e-flex e-con-boxed e-con e-parent\" data-id=\"7040424\" data-element_type=\"container\" data-settings=\"{&quot;background_background&quot;:&quot;classic&quot;,&quot;_ha_eqh_enable&quot;:false}\">\n\t\t\t\t\t<div class=\"e-con-inner\">\n\t\t\t\t<div class=\"elementor-element elementor-element-ad133ca elementor-widget-tablet__width-initial elementor-widget elementor-widget-heading\" data-id=\"ad133ca\" data-element_type=\"widget\" data-widget_type=\"heading.default\">\n\t\t\t\t<div class=\"elementor-widget-container\">\n\t\t\t\t\t<h2 class=\"elementor-heading-title elementor-size-default\">GOVERNAN\u00c7A<\/h2>\t\t\t\t<\/div>\n\t\t\t\t<\/div>\n\t\t\t\t\t<\/div>\n\t\t\t\t<\/div>\n\t\t<div class=\"elementor-element elementor-element-0c0cc5a e-flex e-con-boxed e-con e-parent\" data-id=\"0c0cc5a\" data-element_type=\"container\" data-settings=\"{&quot;_ha_eqh_enable&quot;:false}\">\n\t\t\t\t\t<div class=\"e-con-inner\">\n\t\t<div class=\"elementor-element elementor-element-79afd43 e-con-full e-flex e-con e-child\" data-id=\"79afd43\" data-element_type=\"container\" data-settings=\"{&quot;_ha_eqh_enable&quot;:false}\">\n\t\t\t\t<div class=\"elementor-element elementor-element-ac308fe elementor-align-justify elementor-widget elementor-widget-button\" data-id=\"ac308fe\" data-element_type=\"widget\" data-widget_type=\"button.default\">\n\t\t\t\t<div class=\"elementor-widget-container\">\n\t\t\t\t\t\t\t\t\t<div class=\"elementor-button-wrapper\">\n\t\t\t\t\t<a class=\"elementor-button elementor-button-link elementor-size-sm\" href=\"http:\/\/novohorizonte.org.br\/home\/wp-content\/uploads\/2024\/12\/D.-R.-E.-2022.pdf\">\n\t\t\t\t\t\t<span class=\"elementor-button-content-wrapper\">\n\t\t\t\t\t\t\t\t\t<span class=\"elementor-button-text\">DRE 2022<\/span>\n\t\t\t\t\t<\/span>\n\t\t\t\t\t<\/a>\n\t\t\t\t<\/div>\n\t\t\t\t\t\t\t\t<\/div>\n\t\t\t\t<\/div>\n\t\t\t\t<\/div>\n\t\t<div class=\"elementor-element elementor-element-9745971 e-con-full e-flex e-con e-child\" data-id=\"9745971\" data-element_type=\"container\" data-settings=\"{&quot;_ha_eqh_enable&quot;:false}\">\n\t\t\t\t<div class=\"elementor-element elementor-element-5ffbe6a elementor-align-justify elementor-widget elementor-widget-button\" data-id=\"5ffbe6a\" data-element_type=\"widget\" data-widget_type=\"button.default\">\n\t\t\t\t<div class=\"elementor-widget-container\">\n\t\t\t\t\t\t\t\t\t<div class=\"elementor-button-wrapper\">\n\t\t\t\t\t<a class=\"elementor-button elementor-button-link elementor-size-sm\" href=\"http:\/\/novohorizonte.org.br\/home\/wp-content\/uploads\/2024\/12\/D.-R.-E.-assinado-2023.pdf\">\n\t\t\t\t\t\t<span class=\"elementor-button-content-wrapper\">\n\t\t\t\t\t\t\t\t\t<span class=\"elementor-button-text\">DRE 2023<\/span>\n\t\t\t\t\t<\/span>\n\t\t\t\t\t<\/a>\n\t\t\t\t<\/div>\n\t\t\t\t\t\t\t\t<\/div>\n\t\t\t\t<\/div>\n\t\t\t\t<\/div>\n\t\t<div class=\"elementor-element elementor-element-a216cae e-con-full e-flex e-con e-child\" data-id=\"a216cae\" data-element_type=\"container\" data-settings=\"{&quot;_ha_eqh_enable&quot;:false}\">\n\t\t\t\t<div class=\"elementor-element elementor-element-580fec2 elementor-align-justify elementor-widget elementor-widget-button\" data-id=\"580fec2\" data-element_type=\"widget\" data-widget_type=\"button.default\">\n\t\t\t\t<div class=\"elementor-widget-container\">\n\t\t\t\t\t\t\t\t\t<div class=\"elementor-button-wrapper\">\n\t\t\t\t\t<a class=\"elementor-button elementor-button-link elementor-size-sm\" href=\"http:\/\/novohorizonte.org.br\/home\/wp-content\/uploads\/2025\/07\/D._R._E._2024_-_ONG__assinado.pdf\">\n\t\t\t\t\t\t<span class=\"elementor-button-content-wrapper\">\n\t\t\t\t\t\t\t\t\t<span class=\"elementor-button-text\">DRE 2024<\/span>\n\t\t\t\t\t<\/span>\n\t\t\t\t\t<\/a>\n\t\t\t\t<\/div>\n\t\t\t\t\t\t\t\t<\/div>\n\t\t\t\t<\/div>\n\t\t\t\t<\/div>\n\t\t<div class=\"elementor-element elementor-element-a63d784 e-con-full e-flex e-con e-child\" data-id=\"a63d784\" data-element_type=\"container\" data-settings=\"{&quot;_ha_eqh_enable&quot;:false}\">\n\t\t\t\t<div class=\"elementor-element elementor-element-8b43dc3 elementor-align-justify elementor-widget elementor-widget-button\" data-id=\"8b43dc3\" data-element_type=\"widget\" data-widget_type=\"button.default\">\n\t\t\t\t<div class=\"elementor-widget-container\">\n\t\t\t\t\t\t\t\t\t<div class=\"elementor-button-wrapper\">\n\t\t\t\t\t<a class=\"elementor-button elementor-button-link elementor-size-sm\" href=\"http:\/\/novohorizonte.org.br\/home\/wp-content\/uploads\/2023\/04\/Balanco-patrimonial-2022.pdf\">\n\t\t\t\t\t\t<span class=\"elementor-button-content-wrapper\">\n\t\t\t\t\t\t\t\t\t<span class=\"elementor-button-text\">BALAN\u00c7O 2022<\/span>\n\t\t\t\t\t<\/span>\n\t\t\t\t\t<\/a>\n\t\t\t\t<\/div>\n\t\t\t\t\t\t\t\t<\/div>\n\t\t\t\t<\/div>\n\t\t\t\t<\/div>\n\t\t<div class=\"elementor-element elementor-element-08aac22 e-con-full e-flex e-con e-child\" data-id=\"08aac22\" data-element_type=\"container\" data-settings=\"{&quot;_ha_eqh_enable&quot;:false}\">\n\t\t\t\t<div class=\"elementor-element elementor-element-4e2121a elementor-align-justify elementor-widget elementor-widget-button\" data-id=\"4e2121a\" data-element_type=\"widget\" data-widget_type=\"button.default\">\n\t\t\t\t<div class=\"elementor-widget-container\">\n\t\t\t\t\t\t\t\t\t<div class=\"elementor-button-wrapper\">\n\t\t\t\t\t<a class=\"elementor-button elementor-button-link elementor-size-sm\" href=\"http:\/\/novohorizonte.org.br\/home\/wp-content\/uploads\/2024\/12\/Balancete_assinado2023.pdf\">\n\t\t\t\t\t\t<span class=\"elementor-button-content-wrapper\">\n\t\t\t\t\t\t\t\t\t<span class=\"elementor-button-text\">BALANCETE 2023<\/span>\n\t\t\t\t\t<\/span>\n\t\t\t\t\t<\/a>\n\t\t\t\t<\/div>\n\t\t\t\t\t\t\t\t<\/div>\n\t\t\t\t<\/div>\n\t\t\t\t<\/div>\n\t\t<div class=\"elementor-element elementor-element-2fc0d66 e-con-full e-flex e-con e-child\" data-id=\"2fc0d66\" data-element_type=\"container\" data-settings=\"{&quot;_ha_eqh_enable&quot;:false}\">\n\t\t\t\t<div class=\"elementor-element elementor-element-b9829c2 elementor-align-justify elementor-widget elementor-widget-button\" data-id=\"b9829c2\" data-element_type=\"widget\" data-widget_type=\"button.default\">\n\t\t\t\t<div class=\"elementor-widget-container\">\n\t\t\t\t\t\t\t\t\t<div class=\"elementor-button-wrapper\">\n\t\t\t\t\t<a class=\"elementor-button elementor-button-link elementor-size-sm\" href=\"http:\/\/novohorizonte.org.br\/home\/wp-content\/uploads\/2025\/07\/Balanco_Patrimonial_2024_-_ONG__assinado.pdf\">\n\t\t\t\t\t\t<span class=\"elementor-button-content-wrapper\">\n\t\t\t\t\t\t\t\t\t<span class=\"elementor-button-text\">BALAN\u00c7O 2024<\/span>\n\t\t\t\t\t<\/span>\n\t\t\t\t\t<\/a>\n\t\t\t\t<\/div>\n\t\t\t\t\t\t\t\t<\/div>\n\t\t\t\t<\/div>\n\t\t\t\t<\/div>\n\t\t<div class=\"elementor-element elementor-element-74122ab e-con-full e-flex e-con e-child\" data-id=\"74122ab\" data-element_type=\"container\" data-settings=\"{&quot;_ha_eqh_enable&quot;:false}\">\n\t\t\t\t<div class=\"elementor-element elementor-element-988d874 elementor-align-justify elementor-widget elementor-widget-button\" data-id=\"988d874\" data-element_type=\"widget\" data-widget_type=\"button.default\">\n\t\t\t\t<div class=\"elementor-widget-container\">\n\t\t\t\t\t\t\t\t\t<div class=\"elementor-button-wrapper\">\n\t\t\t\t\t<a class=\"elementor-button elementor-button-link elementor-size-sm\" href=\"http:\/\/novohorizonte.org.br\/home\/wp-content\/uploads\/2025\/07\/Painel-Discricionarias-INH.pdf\">\n\t\t\t\t\t\t<span class=\"elementor-button-content-wrapper\">\n\t\t\t\t\t\t\t\t\t<span class=\"elementor-button-text\">PAINEL DISCRICION\u00c1RIAS<\/span>\n\t\t\t\t\t<\/span>\n\t\t\t\t\t<\/a>\n\t\t\t\t<\/div>\n\t\t\t\t\t\t\t\t<\/div>\n\t\t\t\t<\/div>\n\t\t\t\t<\/div>\n\t\t<div class=\"elementor-element elementor-element-cb43330 e-con-full e-flex e-con e-child\" data-id=\"cb43330\" data-element_type=\"container\" data-settings=\"{&quot;_ha_eqh_enable&quot;:false}\">\n\t\t\t\t<div class=\"elementor-element elementor-element-4918a94 elementor-align-justify elementor-widget elementor-widget-button\" data-id=\"4918a94\" data-element_type=\"widget\" data-widget_type=\"button.default\">\n\t\t\t\t<div class=\"elementor-widget-container\">\n\t\t\t\t\t\t\t\t\t<div class=\"elementor-button-wrapper\">\n\t\t\t\t\t<a class=\"elementor-button elementor-button-link elementor-size-sm\" href=\"http:\/\/novohorizonte.org.br\/home\/wp-content\/uploads\/2025\/07\/Painel-Discricionarias-INH.xlsx\">\n\t\t\t\t\t\t<span class=\"elementor-button-content-wrapper\">\n\t\t\t\t\t\t\t\t\t<span class=\"elementor-button-text\">PAINEL DISCRICION\u00c1RIAS PLANILHA<\/span>\n\t\t\t\t\t<\/span>\n\t\t\t\t\t<\/a>\n\t\t\t\t<\/div>\n\t\t\t\t\t\t\t\t<\/div>\n\t\t\t\t<\/div>\n\t\t\t\t<\/div>\n\t\t\t\t\t<\/div>\n\t\t\t\t<\/div>\n\t\t<div class=\"elementor-element elementor-element-be85521 e-flex e-con-boxed e-con e-parent\" data-id=\"be85521\" data-element_type=\"container\" data-settings=\"{&quot;background_background&quot;:&quot;classic&quot;,&quot;_ha_eqh_enable&quot;:false}\">\n\t\t\t\t\t<div class=\"e-con-inner\">\n\t\t\t\t<div class=\"elementor-element elementor-element-9d4929c elementor-widget-tablet__width-initial elementor-widget elementor-widget-heading\" data-id=\"9d4929c\" data-element_type=\"widget\" data-widget_type=\"heading.default\">\n\t\t\t\t<div class=\"elementor-widget-container\">\n\t\t\t\t\t<h2 class=\"elementor-heading-title elementor-size-default\">RELAT\u00d3RIOS DE ATIVIDADES ANUAIS<\/h2>\t\t\t\t<\/div>\n\t\t\t\t<\/div>\n\t\t\t\t\t<\/div>\n\t\t\t\t<\/div>\n\t\t<div class=\"elementor-element elementor-element-997fc23 e-con-full e-flex e-con e-parent\" data-id=\"997fc23\" data-element_type=\"container\" data-settings=\"{&quot;_ha_eqh_enable&quot;:false}\">\n\t\t<div class=\"elementor-element elementor-element-e6a9757 e-con-full e-flex e-con e-child\" data-id=\"e6a9757\" data-element_type=\"container\" data-settings=\"{&quot;_ha_eqh_enable&quot;:false}\">\n\t\t\t\t<div class=\"elementor-element elementor-element-9f57704 elementor-widget__width-initial elementor-widget elementor-widget-image\" data-id=\"9f57704\" data-element_type=\"widget\" data-widget_type=\"image.default\">\n\t\t\t\t<div class=\"elementor-widget-container\">\n\t\t\t\t\t\t\t\t\t\t\t\t\t\t\t<img fetchpriority=\"high\" decoding=\"async\" width=\"212\" height=\"300\" src=\"https:\/\/novohorizonte.org.br\/home\/wp-content\/uploads\/2025\/03\/Capa-2021-212x300.png\" class=\"attachment-medium size-medium wp-image-4562\" alt=\"\" srcset=\"https:\/\/novohorizonte.org.br\/home\/wp-content\/uploads\/2025\/03\/Capa-2021-212x300.png 212w, https:\/\/novohorizonte.org.br\/home\/wp-content\/uploads\/2025\/03\/Capa-2021-724x1024.png 724w, https:\/\/novohorizonte.org.br\/home\/wp-content\/uploads\/2025\/03\/Capa-2021-768x1086.png 768w, https:\/\/novohorizonte.org.br\/home\/wp-content\/uploads\/2025\/03\/Capa-2021-1086x1536.png 1086w, https:\/\/novohorizonte.org.br\/home\/wp-content\/uploads\/2025\/03\/Capa-2021-1448x2048.png 1448w\" sizes=\"(max-width: 212px) 100vw, 212px\" \/>\t\t\t\t\t\t\t\t\t\t\t\t\t\t\t<\/div>\n\t\t\t\t<\/div>\n\t\t\t\t<div class=\"elementor-element elementor-element-4cd2a4c elementor-align-right elementor-widget-mobile__width-initial elementor-widget elementor-widget-button\" data-id=\"4cd2a4c\" data-element_type=\"widget\" data-widget_type=\"button.default\">\n\t\t\t\t<div class=\"elementor-widget-container\">\n\t\t\t\t\t\t\t\t\t<div class=\"elementor-button-wrapper\">\n\t\t\t\t\t<a class=\"elementor-button elementor-button-link elementor-size-md\" href=\"https:\/\/drive.google.com\/file\/d\/1Y8jTOhQ2nYe7PckOjlOKTvUzJcSWbqhd\/view?usp=sharing\">\n\t\t\t\t\t\t<span class=\"elementor-button-content-wrapper\">\n\t\t\t\t\t\t\t\t\t<span class=\"elementor-button-text\">2021<\/span>\n\t\t\t\t\t<\/span>\n\t\t\t\t\t<\/a>\n\t\t\t\t<\/div>\n\t\t\t\t\t\t\t\t<\/div>\n\t\t\t\t<\/div>\n\t\t\t\t<div class=\"elementor-element elementor-element-9d274fd elementor-widget__width-initial elementor-widget elementor-widget-image\" data-id=\"9d274fd\" data-element_type=\"widget\" data-widget_type=\"image.default\">\n\t\t\t\t<div class=\"elementor-widget-container\">\n\t\t\t\t\t\t\t\t\t\t\t\t\t\t\t<img decoding=\"async\" width=\"212\" height=\"300\" src=\"https:\/\/novohorizonte.org.br\/home\/wp-content\/uploads\/2025\/03\/Capa-2023-212x300.png\" class=\"attachment-medium size-medium wp-image-4556\" alt=\"\" srcset=\"https:\/\/novohorizonte.org.br\/home\/wp-content\/uploads\/2025\/03\/Capa-2023-212x300.png 212w, https:\/\/novohorizonte.org.br\/home\/wp-content\/uploads\/2025\/03\/Capa-2023-724x1024.png 724w, https:\/\/novohorizonte.org.br\/home\/wp-content\/uploads\/2025\/03\/Capa-2023-768x1086.png 768w, https:\/\/novohorizonte.org.br\/home\/wp-content\/uploads\/2025\/03\/Capa-2023-1086x1536.png 1086w, https:\/\/novohorizonte.org.br\/home\/wp-content\/uploads\/2025\/03\/Capa-2023-1448x2048.png 1448w\" sizes=\"(max-width: 212px) 100vw, 212px\" \/>\t\t\t\t\t\t\t\t\t\t\t\t\t\t\t<\/div>\n\t\t\t\t<\/div>\n\t\t\t\t<div class=\"elementor-element elementor-element-8de6811 elementor-align-right elementor-widget-mobile__width-initial elementor-widget elementor-widget-button\" data-id=\"8de6811\" data-element_type=\"widget\" data-widget_type=\"button.default\">\n\t\t\t\t<div class=\"elementor-widget-container\">\n\t\t\t\t\t\t\t\t\t<div class=\"elementor-button-wrapper\">\n\t\t\t\t\t<a class=\"elementor-button elementor-button-link elementor-size-md\" href=\"https:\/\/drive.google.com\/file\/d\/10cfiN2gfqlvWWPvQQ1N31EQhOeuvU282\/view?usp=sharing\">\n\t\t\t\t\t\t<span class=\"elementor-button-content-wrapper\">\n\t\t\t\t\t\t\t\t\t<span class=\"elementor-button-text\">2023<\/span>\n\t\t\t\t\t<\/span>\n\t\t\t\t\t<\/a>\n\t\t\t\t<\/div>\n\t\t\t\t\t\t\t\t<\/div>\n\t\t\t\t<\/div>\n\t\t\t\t<\/div>\n\t\t<div class=\"elementor-element elementor-element-8b06bd2 e-con-full e-flex e-con e-child\" data-id=\"8b06bd2\" data-element_type=\"container\" data-settings=\"{&quot;_ha_eqh_enable&quot;:false}\">\n\t\t\t\t<div class=\"elementor-element elementor-element-02e1ba8 elementor-widget__width-initial elementor-widget elementor-widget-image\" data-id=\"02e1ba8\" data-element_type=\"widget\" data-widget_type=\"image.default\">\n\t\t\t\t<div class=\"elementor-widget-container\">\n\t\t\t\t\t\t\t\t\t\t\t\t\t\t\t<img decoding=\"async\" width=\"212\" height=\"300\" src=\"https:\/\/novohorizonte.org.br\/home\/wp-content\/uploads\/2025\/03\/Capa-2022-212x300.png\" class=\"attachment-medium size-medium wp-image-4560\" alt=\"\" srcset=\"https:\/\/novohorizonte.org.br\/home\/wp-content\/uploads\/2025\/03\/Capa-2022-212x300.png 212w, https:\/\/novohorizonte.org.br\/home\/wp-content\/uploads\/2025\/03\/Capa-2022-724x1024.png 724w, https:\/\/novohorizonte.org.br\/home\/wp-content\/uploads\/2025\/03\/Capa-2022-768x1086.png 768w, https:\/\/novohorizonte.org.br\/home\/wp-content\/uploads\/2025\/03\/Capa-2022-1086x1536.png 1086w, https:\/\/novohorizonte.org.br\/home\/wp-content\/uploads\/2025\/03\/Capa-2022-1448x2048.png 1448w\" sizes=\"(max-width: 212px) 100vw, 212px\" \/>\t\t\t\t\t\t\t\t\t\t\t\t\t\t\t<\/div>\n\t\t\t\t<\/div>\n\t\t\t\t<div class=\"elementor-element elementor-element-b38a70e elementor-align-right elementor-widget-mobile__width-initial elementor-widget elementor-widget-button\" data-id=\"b38a70e\" data-element_type=\"widget\" data-widget_type=\"button.default\">\n\t\t\t\t<div class=\"elementor-widget-container\">\n\t\t\t\t\t\t\t\t\t<div class=\"elementor-button-wrapper\">\n\t\t\t\t\t<a class=\"elementor-button elementor-button-link elementor-size-md\" href=\"https:\/\/drive.google.com\/file\/d\/1JAVd-7Brj2P81PKlDMnP_iymlV7ICA-j\/view?usp=sharing\">\n\t\t\t\t\t\t<span class=\"elementor-button-content-wrapper\">\n\t\t\t\t\t\t\t\t\t<span class=\"elementor-button-text\">2022<\/span>\n\t\t\t\t\t<\/span>\n\t\t\t\t\t<\/a>\n\t\t\t\t<\/div>\n\t\t\t\t\t\t\t\t<\/div>\n\t\t\t\t<\/div>\n\t\t\t\t<div class=\"elementor-element elementor-element-4d59fc1 elementor-widget__width-initial elementor-widget elementor-widget-image\" data-id=\"4d59fc1\" data-element_type=\"widget\" data-widget_type=\"image.default\">\n\t\t\t\t<div class=\"elementor-widget-container\">\n\t\t\t\t\t\t\t\t\t\t\t\t\t\t\t<img loading=\"lazy\" decoding=\"async\" width=\"212\" height=\"300\" src=\"https:\/\/novohorizonte.org.br\/home\/wp-content\/uploads\/2025\/03\/Capa-2024-212x300.png\" class=\"attachment-medium size-medium wp-image-4549\" alt=\"\" srcset=\"https:\/\/novohorizonte.org.br\/home\/wp-content\/uploads\/2025\/03\/Capa-2024-212x300.png 212w, https:\/\/novohorizonte.org.br\/home\/wp-content\/uploads\/2025\/03\/Capa-2024-724x1024.png 724w, https:\/\/novohorizonte.org.br\/home\/wp-content\/uploads\/2025\/03\/Capa-2024-768x1086.png 768w, https:\/\/novohorizonte.org.br\/home\/wp-content\/uploads\/2025\/03\/Capa-2024-1086x1536.png 1086w, https:\/\/novohorizonte.org.br\/home\/wp-content\/uploads\/2025\/03\/Capa-2024-1448x2048.png 1448w\" sizes=\"(max-width: 212px) 100vw, 212px\" \/>\t\t\t\t\t\t\t\t\t\t\t\t\t\t\t<\/div>\n\t\t\t\t<\/div>\n\t\t\t\t<div class=\"elementor-element elementor-element-e6483cd elementor-align-right elementor-widget-mobile__width-initial elementor-widget elementor-widget-button\" data-id=\"e6483cd\" data-element_type=\"widget\" data-widget_type=\"button.default\">\n\t\t\t\t<div class=\"elementor-widget-container\">\n\t\t\t\t\t\t\t\t\t<div class=\"elementor-button-wrapper\">\n\t\t\t\t\t<a class=\"elementor-button elementor-button-link elementor-size-md\" href=\"https:\/\/drive.google.com\/file\/d\/1i6G8OgCL-DP7tZrE5lNUafVOF0euhOVF\/view?usp=sharing\">\n\t\t\t\t\t\t<span class=\"elementor-button-content-wrapper\">\n\t\t\t\t\t\t\t\t\t<span class=\"elementor-button-text\">2024<\/span>\n\t\t\t\t\t<\/span>\n\t\t\t\t\t<\/a>\n\t\t\t\t<\/div>\n\t\t\t\t\t\t\t\t<\/div>\n\t\t\t\t<\/div>\n\t\t\t\t<\/div>\n\t\t\t\t<\/div>\n\t\t<div class=\"elementor-element elementor-element-736c00b e-flex e-con-boxed e-con e-parent\" data-id=\"736c00b\" data-element_type=\"container\" data-settings=\"{&quot;_ha_eqh_enable&quot;:false}\">\n\t\t\t\t\t<div class=\"e-con-inner\">\n\t\t\t\t\t<\/div>\n\t\t\t\t<\/div>\n\t\t\t\t<\/div>\n\t\t","protected":false},"excerpt":{"rendered":"<p>Transpar\u00eancia | Saiba mais sobre o nosso compromisso, gest\u00e3o e processos.\u00a0 \u00c9 com grande satisfa\u00e7\u00e3o que refor\u00e7amos nosso compromisso com a busca incessante pela excel\u00eancia em todas as atividades realizadas pelo Instituto Novo Horizonte. Como parte de nossa miss\u00e3o de transformar a vida de centenas de pessoas nas comunidades carentes que atendemos, estamos empenhados em [&hellip;]<\/p>\n","protected":false},"author":1,"featured_media":0,"parent":0,"menu_order":0,"comment_status":"closed","ping_status":"closed","template":"","meta":{"footnotes":""},"class_list":["post-199","page","type-page","status-publish","hentry"],"_links":{"self":[{"href":"https:\/\/novohorizonte.org.br\/home\/wp-json\/wp\/v2\/pages\/199","targetHints":{"allow":["GET"]}}],"collection":[{"href":"https:\/\/novohorizonte.org.br\/home\/wp-json\/wp\/v2\/pages"}],"about":[{"href":"https:\/\/novohorizonte.org.br\/home\/wp-json\/wp\/v2\/types\/page"}],"author":[{"embeddable":true,"href":"https:\/\/novohorizonte.org.br\/home\/wp-json\/wp\/v2\/users\/1"}],"replies":[{"embeddable":true,"href":"https:\/\/novohorizonte.org.br\/home\/wp-json\/wp\/v2\/comments?post=199"}],"version-history":[{"count":193,"href":"https:\/\/novohorizonte.org.br\/home\/wp-json\/wp\/v2\/pages\/199\/revisions"}],"predecessor-version":[{"id":4668,"href":"https:\/\/novohorizonte.org.br\/home\/wp-json\/wp\/v2\/pages\/199\/revisions\/4668"}],"wp:attachment":[{"href":"https:\/\/novohorizonte.org.br\/home\/wp-json\/wp\/v2\/media?parent=199"}],"curies":[{"name":"wp","href":"https:\/\/api.w.org\/{rel}","templated":true}]}}