{"id":3002,"date":"2023-03-30T13:10:00","date_gmt":"2023-03-30T13:10:00","guid":{"rendered":"https:\/\/novohorizonte.org.br\/home\/?page_id=3002"},"modified":"2023-03-30T13:13:28","modified_gmt":"2023-03-30T13:13:28","slug":"politica-de-cookies","status":"publish","type":"page","link":"https:\/\/novohorizonte.org.br\/home\/politica-de-cookies\/","title":{"rendered":"Pol\u00edtica de Cookies"},"content":{"rendered":"\t\t<div data-elementor-type=\"wp-page\" data-elementor-id=\"3002\" class=\"elementor elementor-3002\" data-elementor-settings=\"{&quot;ha_cmc_init_switcher&quot;:&quot;no&quot;}\" data-elementor-post-type=\"page\">\n\t\t\t\t<div class=\"elementor-element elementor-element-25bf21e5 e-flex e-con-boxed e-con e-parent\" data-id=\"25bf21e5\" data-element_type=\"container\" data-settings=\"{&quot;background_background&quot;:&quot;classic&quot;,&quot;_ha_eqh_enable&quot;:false}\">\n\t\t\t\t\t<div class=\"e-con-inner\">\n\t\t<div class=\"elementor-element elementor-element-42354f75 e-con-full e-flex e-con e-parent\" data-id=\"42354f75\" data-element_type=\"container\" data-settings=\"{&quot;_ha_eqh_enable&quot;:false}\">\n\t\t\t\t<\/div>\n\t\t\t\t<div class=\"elementor-element elementor-element-4e629e1 elementor-widget elementor-widget-heading\" data-id=\"4e629e1\" data-element_type=\"widget\" data-widget_type=\"heading.default\">\n\t\t\t\t<div class=\"elementor-widget-container\">\n\t\t\t\t\t<h2 class=\"elementor-heading-title elementor-size-default\">| Entenda mais sobre nossos Termos de Uso e Pol\u00edtica de Cookies.<\/h2>\t\t\t\t<\/div>\n\t\t\t\t<\/div>\n\t\t\t\t\t<\/div>\n\t\t\t\t<\/div>\n\t\t<div class=\"elementor-element elementor-element-b147c34 e-flex e-con-boxed e-con e-parent\" data-id=\"b147c34\" data-element_type=\"container\" data-settings=\"{&quot;_ha_eqh_enable&quot;:false}\">\n\t\t\t\t\t<div class=\"e-con-inner\">\n\t\t\t\t<div class=\"elementor-element elementor-element-ba9a5ba elementor-widget elementor-widget-text-editor\" data-id=\"ba9a5ba\" data-element_type=\"widget\" data-widget_type=\"text-editor.default\">\n\t\t\t\t<div class=\"elementor-widget-container\">\n\t\t\t\t\t\t\t\t\t<p><strong> O QUE S\u00c3O COOKIES?<\/strong><\/p><p style=\"font-weight: 400;\">Cookies s\u00e3o pequenos arquivos de textos ou fragmentos de informa\u00e7\u00e3o que s\u00e3o armazenados no computador ou dispositivo m\u00f3vel (como um smartphone ou tablet) quando voc\u00ea visita nosso site. Um cookie geralmente cont\u00e9m o nome do website de origem desse cookie, o \u201ctempo de vida\u201d do cookie (ou seja, quanto tempo o cookie permanecer\u00e1 em seu dispositivo), \u00e9 um valor, que normalmente \u00e9 um n\u00famero exclusivo gerado aleatoriamente.<\/p><p><strong> PARA QUE UTILIZAMOS OS COOKIES?<\/strong><\/p><p style=\"font-weight: 400;\">N\u00f3s utilizamos os cookies para tornar o nosso site mais f\u00e1cil de usar. Os cookies ajudam a faz\u00ea-lo, na medida em que s\u00e3o arquivos que os sites conseguem ler e executar, permitindo-lhes reconhecer o usu\u00e1rio e lembrar de informa\u00e7\u00f5es importantes que ir\u00e3o tornar a utiliza\u00e7\u00e3o desses sites mais conveniente (por exemplo, lembrar as configura\u00e7\u00f5es de prefer\u00eancia do usu\u00e1rio). Tamb\u00e9m utilizamos cookies para compilar estat\u00edsticas an\u00f4nimas e agregadas, que nos possibilitam compreender a forma como os usu\u00e1rios navegam em nosso site.<\/p><p><strong> QUE TIPOS DE COOKIES UTILIZAMOS?<\/strong><\/p><p style=\"font-weight: 400;\">COOKIES ESSENCIAIS<\/p><p style=\"font-weight: 400;\">Os cookies essenciais s\u00e3o necess\u00e1rios para que o site funcione, permitindo navegar no mesmo e utilizar os seus servi\u00e7os e funcionalidades. Sem estes cookies absolutamente necess\u00e1rios, o site n\u00e3o ir\u00e1 funcionar t\u00e3o bem como n\u00f3s gostar\u00edamos, e podemos n\u00e3o ser capazes de fornecer o site ou determinados servi\u00e7os ou recursos a ele associados.<\/p><p><strong> FALE CONOSCO<\/strong><\/p><p style=\"font-weight: 400;\">Em caso de d\u00favidas sobre esta Pol\u00edtica de Privacidade, entre em contato conosco no endere\u00e7o de e-mail <strong><u><a href=\"mailto:contato@novohorizonte.org.br\">contato@novohorizonte.org.br<\/a><\/u><\/strong><\/p><p style=\"font-weight: 400;\">Vers\u00e3o inicial datada de 01\/04\/2023<\/p><p style=\"font-weight: 400;\">\u00a0<\/p>\t\t\t\t\t\t\t\t<\/div>\n\t\t\t\t<\/div>\n\t\t\t\t\t<\/div>\n\t\t\t\t<\/div>\n\t\t<div class=\"elementor-element elementor-element-4b2e814 e-flex e-con-boxed e-con e-parent\" data-id=\"4b2e814\" data-element_type=\"container\" data-settings=\"{&quot;_ha_eqh_enable&quot;:false}\">\n\t\t\t\t\t<div class=\"e-con-inner\">\n\t\t\t\t<div class=\"elementor-element elementor-element-daa1822 elementor-widget-mobile__width-initial elementor-widget elementor-widget-heading\" data-id=\"daa1822\" data-element_type=\"widget\" data-widget_type=\"heading.default\">\n\t\t\t\t<div class=\"elementor-widget-container\">\n\t\t\t\t\t<h2 class=\"elementor-heading-title elementor-size-default\">Ficou alguma d\u00favida? Abaixo voc\u00ea pode nos enviar uma mensagem!<\/h2>\t\t\t\t<\/div>\n\t\t\t\t<\/div>\n\t\t\t\t<div class=\"elementor-element elementor-element-6b1c168 elementor-widget__width-initial elementor-button-align-stretch elementor-widget elementor-widget-form\" data-id=\"6b1c168\" data-element_type=\"widget\" data-settings=\"{&quot;step_next_label&quot;:&quot;Pr\\u00f3ximo&quot;,&quot;step_previous_label&quot;:&quot;Visualizar&quot;,&quot;button_width&quot;:&quot;100&quot;,&quot;step_type&quot;:&quot;number_text&quot;,&quot;step_icon_shape&quot;:&quot;circle&quot;}\" data-widget_type=\"form.default\">\n\t\t\t\t<div class=\"elementor-widget-container\">\n\t\t\t\t\t\t\t<form class=\"elementor-form\" method=\"post\" name=\"Formul\u00e1rio Pol\u00edtica de Privacidade\">\n\t\t\t<input type=\"hidden\" name=\"post_id\" value=\"3002\"\/>\n\t\t\t<input type=\"hidden\" name=\"form_id\" value=\"6b1c168\"\/>\n\t\t\t<input type=\"hidden\" name=\"referer_title\" value=\"\" \/>\n\n\t\t\t\n\t\t\t<div class=\"elementor-form-fields-wrapper elementor-labels-above\">\n\t\t\t\t\t\t\t\t<div class=\"elementor-field-type-text elementor-field-group elementor-column elementor-field-group-name elementor-col-100\">\n\t\t\t\t\t\t\t\t\t\t\t\t<label for=\"form-field-name\" class=\"elementor-field-label\">\n\t\t\t\t\t\t\t\tNome\t\t\t\t\t\t\t<\/label>\n\t\t\t\t\t\t\t\t\t\t\t\t\t\t<input size=\"1\" type=\"text\" name=\"form_fields[name]\" id=\"form-field-name\" class=\"elementor-field elementor-size-sm  elementor-field-textual\" placeholder=\"Digite seu nome\">\n\t\t\t\t\t\t\t\t\t\t\t<\/div>\n\t\t\t\t\t\t\t\t<div class=\"elementor-field-type-email elementor-field-group elementor-column elementor-field-group-email elementor-col-100 elementor-field-required\">\n\t\t\t\t\t\t\t\t\t\t\t\t<label for=\"form-field-email\" class=\"elementor-field-label\">\n\t\t\t\t\t\t\t\tE-mail\t\t\t\t\t\t\t<\/label>\n\t\t\t\t\t\t\t\t\t\t\t\t\t\t<input size=\"1\" type=\"email\" name=\"form_fields[email]\" id=\"form-field-email\" class=\"elementor-field elementor-size-sm  elementor-field-textual\" placeholder=\"Digite seu e-mail\" required=\"required\" aria-required=\"true\">\n\t\t\t\t\t\t\t\t\t\t\t<\/div>\n\t\t\t\t\t\t\t\t<div class=\"elementor-field-type-textarea elementor-field-group elementor-column elementor-field-group-message elementor-col-100\">\n\t\t\t\t\t\t\t\t\t\t\t\t<label for=\"form-field-message\" class=\"elementor-field-label\">\n\t\t\t\t\t\t\t\tMensagem\t\t\t\t\t\t\t<\/label>\n\t\t\t\t\t\t<textarea class=\"elementor-field-textual elementor-field  elementor-size-sm\" name=\"form_fields[message]\" id=\"form-field-message\" rows=\"4\" placeholder=\"Escreva neste campo sua mensagem.\"><\/textarea>\t\t\t\t<\/div>\n\t\t\t\t\t\t\t\t<div class=\"elementor-field-group elementor-column elementor-field-type-submit elementor-col-100 e-form__buttons\">\n\t\t\t\t\t<button type=\"submit\" class=\"elementor-button elementor-size-sm\">\n\t\t\t\t\t\t<span >\n\t\t\t\t\t\t\t\t\t\t\t\t\t\t\t<span class=\" elementor-button-icon\">\n\t\t\t\t\t\t\t\t\t\t\t\t\t\t\t\t\t\t\t\t\t\t\t\t\t\t<\/span>\n\t\t\t\t\t\t\t\t\t\t\t\t\t\t\t\t\t\t\t\t\t\t<span class=\"elementor-button-text\">Enviar mensagem<\/span>\n\t\t\t\t\t\t\t\t\t\t\t\t\t<\/span>\n\t\t\t\t\t<\/button>\n\t\t\t\t<\/div>\n\t\t\t<\/div>\n\t\t<\/form>\n\t\t\t\t\t\t<\/div>\n\t\t\t\t<\/div>\n\t\t\t\t\t<\/div>\n\t\t\t\t<\/div>\n\t\t\t\t<\/div>\n\t\t","protected":false},"excerpt":{"rendered":"<p>| Entenda mais sobre nossos Termos de Uso e Pol\u00edtica de Cookies. O QUE S\u00c3O COOKIES? Cookies s\u00e3o pequenos arquivos de textos ou fragmentos de informa\u00e7\u00e3o que s\u00e3o armazenados no computador ou dispositivo m\u00f3vel (como um smartphone ou tablet) quando voc\u00ea visita nosso site. Um cookie geralmente cont\u00e9m o nome do website de origem desse [&hellip;]<\/p>\n","protected":false},"author":1,"featured_media":0,"parent":0,"menu_order":0,"comment_status":"closed","ping_status":"closed","template":"elementor_header_footer","meta":{"footnotes":""},"class_list":["post-3002","page","type-page","status-publish","hentry"],"_links":{"self":[{"href":"https:\/\/novohorizonte.org.br\/home\/wp-json\/wp\/v2\/pages\/3002","targetHints":{"allow":["GET"]}}],"collection":[{"href":"https:\/\/novohorizonte.org.br\/home\/wp-json\/wp\/v2\/pages"}],"about":[{"href":"https:\/\/novohorizonte.org.br\/home\/wp-json\/wp\/v2\/types\/page"}],"author":[{"embeddable":true,"href":"https:\/\/novohorizonte.org.br\/home\/wp-json\/wp\/v2\/users\/1"}],"replies":[{"embeddable":true,"href":"https:\/\/novohorizonte.org.br\/home\/wp-json\/wp\/v2\/comments?post=3002"}],"version-history":[{"count":14,"href":"https:\/\/novohorizonte.org.br\/home\/wp-json\/wp\/v2\/pages\/3002\/revisions"}],"predecessor-version":[{"id":4140,"href":"https:\/\/novohorizonte.org.br\/home\/wp-json\/wp\/v2\/pages\/3002\/revisions\/4140"}],"wp:attachment":[{"href":"https:\/\/novohorizonte.org.br\/home\/wp-json\/wp\/v2\/media?parent=3002"}],"curies":[{"name":"wp","href":"https:\/\/api.w.org\/{rel}","templated":true}]}}