{"id":3079,"date":"2023-04-03T21:57:15","date_gmt":"2023-04-03T21:57:15","guid":{"rendered":"https:\/\/novohorizonte.org.br\/home\/?page_id=3079"},"modified":"2026-02-20T14:32:30","modified_gmt":"2026-02-20T17:32:30","slug":"imprensa","status":"publish","type":"page","link":"https:\/\/novohorizonte.org.br\/home\/imprensa\/","title":{"rendered":"Imprensa"},"content":{"rendered":"\t\t<div data-elementor-type=\"wp-page\" data-elementor-id=\"3079\" class=\"elementor elementor-3079\" data-elementor-settings=\"{&quot;ha_cmc_init_switcher&quot;:&quot;no&quot;}\" data-elementor-post-type=\"page\">\n\t\t\t\t<div class=\"elementor-element elementor-element-16cc0ce1 e-flex e-con-boxed e-con e-parent\" data-id=\"16cc0ce1\" data-element_type=\"container\" data-settings=\"{&quot;background_background&quot;:&quot;classic&quot;,&quot;_ha_eqh_enable&quot;:false}\">\n\t\t\t\t\t<div class=\"e-con-inner\">\n\t\t\t\t<div class=\"elementor-element elementor-element-5fa5a500 elementor-widget elementor-widget-ha-page-title happy-addon ha-page-title\" data-id=\"5fa5a500\" data-element_type=\"widget\" data-widget_type=\"ha-page-title.default\">\n\t\t\t\t<div class=\"elementor-widget-container\">\n\t\t\t\t\t<h2 class=\"ha-page-title elementor-size-large\">Imprensa<\/h2>\t\t\t\t<\/div>\n\t\t\t\t<\/div>\n\t\t\t\t<div class=\"elementor-element elementor-element-10dfa3b3 elementor-widget elementor-widget-text-editor\" data-id=\"10dfa3b3\" data-element_type=\"widget\" data-widget_type=\"text-editor.default\">\n\t\t\t\t<div class=\"elementor-widget-container\">\n\t\t\t\t\t\t\t\t\t<h2 class=\"elementor-heading-title elementor-size-default\">| Agende uma entrevista e conhe\u00e7a nossos projetos e o que estamos desenvolvendo em nosso territ\u00f3rio.<\/h2>\t\t\t\t\t\t\t\t<\/div>\n\t\t\t\t<\/div>\n\t\t\t\t\t<\/div>\n\t\t\t\t<\/div>\n\t\t<div class=\"elementor-element elementor-element-0c527a0 e-flex e-con-boxed e-con e-parent\" data-id=\"0c527a0\" data-element_type=\"container\" data-settings=\"{&quot;_ha_eqh_enable&quot;:false}\">\n\t\t\t\t\t<div class=\"e-con-inner\">\n\t\t<div class=\"elementor-element elementor-element-cc33f26 e-con-full e-flex e-con e-child\" data-id=\"cc33f26\" data-element_type=\"container\" data-settings=\"{&quot;_ha_eqh_enable&quot;:false}\">\n\t\t\t\t<div class=\"elementor-element elementor-element-0594430 elementor-widget elementor-widget-heading\" data-id=\"0594430\" data-element_type=\"widget\" data-widget_type=\"heading.default\">\n\t\t\t\t<div class=\"elementor-widget-container\">\n\t\t\t\t\t<h2 class=\"elementor-heading-title elementor-size-default\">Venha conhecer nossa institui\u00e7\u00e3o!<\/h2>\t\t\t\t<\/div>\n\t\t\t\t<\/div>\n\t\t\t\t<\/div>\n\t\t<div class=\"elementor-element elementor-element-0804390 e-con-full e-flex e-con e-child\" data-id=\"0804390\" data-element_type=\"container\" data-settings=\"{&quot;_ha_eqh_enable&quot;:false}\">\n\t\t\t\t<div class=\"elementor-element elementor-element-a3b94c5 elementor-widget elementor-widget-text-editor\" data-id=\"a3b94c5\" data-element_type=\"widget\" data-widget_type=\"text-editor.default\">\n\t\t\t\t<div class=\"elementor-widget-container\">\n\t\t\t\t\t\t\t\t\t<p>Estamos de portas abertas! Entre em contato conosco e saiba mais sobre os projetos que estamos realizando no Cana\u00e3.<\/p>\t\t\t\t\t\t\t\t<\/div>\n\t\t\t\t<\/div>\n\t\t\t\t<\/div>\n\t\t\t\t\t<\/div>\n\t\t\t\t<\/div>\n\t\t\t\t<section class=\"elementor-section elementor-top-section elementor-element elementor-element-15821ec5 elementor-section-boxed elementor-section-height-default elementor-section-height-default\" data-id=\"15821ec5\" data-element_type=\"section\" data-settings=\"{&quot;_ha_eqh_enable&quot;:false}\">\n\t\t\t\t\t\t<div class=\"elementor-container elementor-column-gap-default\">\n\t\t\t\t\t<div class=\"elementor-column elementor-col-33 elementor-top-column elementor-element elementor-element-6891ff8a\" data-id=\"6891ff8a\" data-element_type=\"column\">\n\t\t\t<div class=\"elementor-widget-wrap elementor-element-populated\">\n\t\t\t\t\t\t<div class=\"elementor-element elementor-element-103b4690 ha-infobox-media-dir-top elementor-widget elementor-widget-ha-infobox happy-addon ha-infobox\" data-id=\"103b4690\" data-element_type=\"widget\" data-widget_type=\"ha-infobox.default\">\n\t\t\t\t<div class=\"elementor-widget-container\">\n\t\t\t\t\t\n\t\t\t\t\t<figure class=\"ha-infobox-figure ha-infobox-figure--icon\">\n\t\t\t\t<svg class=\"e-font-icon-svg e-fas-location-arrow\" viewBox=\"0 0 512 512\" xmlns=\"http:\/\/www.w3.org\/2000\/svg\"><path d=\"M444.52 3.52L28.74 195.42c-47.97 22.39-31.98 92.75 19.19 92.75h175.91v175.91c0 51.17 70.36 67.17 92.75 19.19l191.9-415.78c15.99-38.39-25.59-79.97-63.97-63.97z\"><\/path><\/svg>\t\t\t<\/figure>\n\t\t\n\t\t<div class=\"ha-infobox-body\">\n\t\t\t<h2 class=\"ha-infobox-title\">Localiza\u00e7\u00e3o<\/h2>\n\t\t\t\t\t\t\t<div class=\"ha-infobox-text\">\n\t\t\t\t\t<p>Rua Porto Calvo, 20 Cana\u00e3, Macei\u00f3 - AL<\/p>\n\t\t\t\t<\/div>\n\t\t\t\n\t\t\t\t\t<\/div>\n\t\t\t\t\t\t<\/div>\n\t\t\t\t<\/div>\n\t\t\t\t\t<\/div>\n\t\t<\/div>\n\t\t\t\t<div class=\"elementor-column elementor-col-33 elementor-top-column elementor-element elementor-element-108020bd\" data-id=\"108020bd\" data-element_type=\"column\">\n\t\t\t<div class=\"elementor-widget-wrap elementor-element-populated\">\n\t\t\t\t\t\t<div class=\"elementor-element elementor-element-23902891 ha-infobox-media-dir-top elementor-widget elementor-widget-ha-infobox happy-addon ha-infobox\" data-id=\"23902891\" data-element_type=\"widget\" data-widget_type=\"ha-infobox.default\">\n\t\t\t\t<div class=\"elementor-widget-container\">\n\t\t\t\t\t\n\t\t\t\t\t<figure class=\"ha-infobox-figure ha-infobox-figure--icon\">\n\t\t\t\t<svg class=\"e-font-icon-svg e-fas-envelope\" viewBox=\"0 0 512 512\" xmlns=\"http:\/\/www.w3.org\/2000\/svg\"><path d=\"M502.3 190.8c3.9-3.1 9.7-.2 9.7 4.7V400c0 26.5-21.5 48-48 48H48c-26.5 0-48-21.5-48-48V195.6c0-5 5.7-7.8 9.7-4.7 22.4 17.4 52.1 39.5 154.1 113.6 21.1 15.4 56.7 47.8 92.2 47.6 35.7.3 72-32.8 92.3-47.6 102-74.1 131.6-96.3 154-113.7zM256 320c23.2.4 56.6-29.2 73.4-41.4 132.7-96.3 142.8-104.7 173.4-128.7 5.8-4.5 9.2-11.5 9.2-18.9v-19c0-26.5-21.5-48-48-48H48C21.5 64 0 85.5 0 112v19c0 7.4 3.4 14.3 9.2 18.9 30.6 23.9 40.7 32.4 173.4 128.7 16.8 12.2 50.2 41.8 73.4 41.4z\"><\/path><\/svg>\t\t\t<\/figure>\n\t\t\n\t\t<div class=\"ha-infobox-body\">\n\t\t\t<h2 class=\"ha-infobox-title\">Email<\/h2>\n\t\t\t\t\t\t\t<div class=\"ha-infobox-text\">\n\t\t\t\t\t<p>contato@institutonovohorizonte.com.br<br>\nsecretaria@novohorizonte.org<\/p>\n\t\t\t\t<\/div>\n\t\t\t\n\t\t\t\t\t<\/div>\n\t\t\t\t\t\t<\/div>\n\t\t\t\t<\/div>\n\t\t\t\t\t<\/div>\n\t\t<\/div>\n\t\t\t\t<div class=\"elementor-column elementor-col-33 elementor-top-column elementor-element elementor-element-680a1e7b\" data-id=\"680a1e7b\" data-element_type=\"column\">\n\t\t\t<div class=\"elementor-widget-wrap elementor-element-populated\">\n\t\t\t\t\t\t<div class=\"elementor-element elementor-element-7ded7201 ha-infobox-media-dir-top elementor-widget elementor-widget-ha-infobox happy-addon ha-infobox\" data-id=\"7ded7201\" data-element_type=\"widget\" data-widget_type=\"ha-infobox.default\">\n\t\t\t\t<div class=\"elementor-widget-container\">\n\t\t\t\t\t\n\t\t\t\t\t<figure class=\"ha-infobox-figure ha-infobox-figure--icon\">\n\t\t\t\t<i class=\"icon icon-smartphone\"><\/i>\t\t\t<\/figure>\n\t\t\n\t\t<div class=\"ha-infobox-body\">\n\t\t\t<h2 class=\"ha-infobox-title\">Telefone<\/h2>\n\t\t\t\t\t\t\t<div class=\"ha-infobox-text\">\n\t\t\t\t\t<p>+55 82 9 9609-6124 \n<\/p>\n\t\t\t\t<\/div>\n\t\t\t\n\t\t\t\t\t<\/div>\n\t\t\t\t\t\t<\/div>\n\t\t\t\t<\/div>\n\t\t\t\t\t<\/div>\n\t\t<\/div>\n\t\t\t\t\t<\/div>\n\t\t<\/section>\n\t\t<div class=\"elementor-element elementor-element-ff66f55 e-flex e-con-boxed e-con e-parent\" data-id=\"ff66f55\" data-element_type=\"container\" data-settings=\"{&quot;_ha_eqh_enable&quot;:false}\">\n\t\t\t\t\t<div class=\"e-con-inner\">\n\t\t<div class=\"elementor-element elementor-element-1a4dd54 e-flex e-con-boxed e-con e-child\" data-id=\"1a4dd54\" data-element_type=\"container\" data-settings=\"{&quot;_ha_eqh_enable&quot;:false}\">\n\t\t\t\t\t<div class=\"e-con-inner\">\n\t\t\t\t<div class=\"elementor-element elementor-element-5373956 elementor-widget elementor-widget-heading\" data-id=\"5373956\" data-element_type=\"widget\" data-widget_type=\"heading.default\">\n\t\t\t\t<div class=\"elementor-widget-container\">\n\t\t\t\t\t<h2 class=\"elementor-heading-title elementor-size-default\">Nos envie uma mensagem!<\/h2>\t\t\t\t<\/div>\n\t\t\t\t<\/div>\n\t\t\t\t<div class=\"elementor-element elementor-element-5a21746 elementor-widget elementor-widget-text-editor\" data-id=\"5a21746\" data-element_type=\"widget\" data-widget_type=\"text-editor.default\">\n\t\t\t\t<div class=\"elementor-widget-container\">\n\t\t\t\t\t\t\t\t\t<p>Voc\u00ea pode nos enviar uma mensagem preenchendo os campos ao lado.<\/p>\t\t\t\t\t\t\t\t<\/div>\n\t\t\t\t<\/div>\n\t\t\t\t\t<\/div>\n\t\t\t\t<\/div>\n\t\t<div class=\"elementor-element elementor-element-170a87a e-flex e-con-boxed e-con e-child\" data-id=\"170a87a\" data-element_type=\"container\" data-settings=\"{&quot;_ha_eqh_enable&quot;:false}\">\n\t\t\t\t\t<div class=\"e-con-inner\">\n\t\t\t\t<div class=\"elementor-element elementor-element-40f6468 elementor-widget elementor-widget-wpforms\" data-id=\"40f6468\" data-element_type=\"widget\" data-widget_type=\"wpforms.default\">\n\t\t\t\t<div class=\"elementor-widget-container\">\n\t\t\t\t\t<div class=\"wpforms-container wpforms-container-full\" id=\"wpforms-1954\"><form id=\"wpforms-form-1954\" class=\"wpforms-validate wpforms-form wpforms-ajax-form\" data-formid=\"1954\" method=\"post\" enctype=\"multipart\/form-data\" action=\"\/home\/wp-json\/wp\/v2\/pages\/3079\" data-token=\"eb7c7eeb0bcd996c06cddcf722c7964d\"><noscript class=\"wpforms-error-noscript\">Please enable JavaScript in your browser to complete this form.<\/noscript><div class=\"wpforms-field-container\"><div id=\"wpforms-1954-field_1-container\" class=\"wpforms-field wpforms-field-name\" data-field-id=\"1\"><label class=\"wpforms-field-label\" for=\"wpforms-1954-field_1\">Seu nome <span class=\"wpforms-required-label\">*<\/span><\/label><input type=\"text\" id=\"wpforms-1954-field_1\" class=\"wpforms-field-medium wpforms-field-required\" name=\"wpforms[fields][1]\" required><\/div><div id=\"wpforms-1954-field_8-container\" class=\"wpforms-field wpforms-field-email\" data-field-id=\"8\"><label class=\"wpforms-field-label\" for=\"wpforms-1954-field_8\">Email <span class=\"wpforms-required-label\">*<\/span><\/label><input type=\"email\" id=\"wpforms-1954-field_8\" class=\"wpforms-field-medium wpforms-field-required\" name=\"wpforms[fields][8]\" spellcheck=\"false\" required><\/div><div id=\"wpforms-1954-field_9-container\" class=\"wpforms-field wpforms-field-phone\" data-field-id=\"9\"><label class=\"wpforms-field-label\" for=\"wpforms-1954-field_9\">Telefone<\/label><input type=\"tel\" id=\"wpforms-1954-field_9\" class=\"wpforms-field-medium wpforms-smart-phone-field\" data-rule-smart-phone-field=\"true\" name=\"wpforms[fields][9]\" ><\/div><div id=\"wpforms-1954-field_5-container\" class=\"wpforms-field wpforms-field-select wpforms-field-select-style-classic\" data-field-id=\"5\"><label class=\"wpforms-field-label\" for=\"wpforms-1954-field_5\">Assunto<\/label><select id=\"wpforms-1954-field_5\" class=\"wpforms-field-medium\" name=\"wpforms[fields][5]\"><option value=\"D\u00favidas\" >D\u00favidas<\/option><option value=\"Voluntariado\" >Voluntariado<\/option><option value=\"Colaborar com um projeto\" >Colaborar com um projeto<\/option><option value=\"Doar Presencialmente\" >Doar Presencialmente<\/option><option value=\"Outros assuntos\" >Outros assuntos<\/option><\/select><\/div><div id=\"wpforms-1954-field_7-container\" class=\"wpforms-field wpforms-field-textarea\" data-field-id=\"7\"><label class=\"wpforms-field-label\" for=\"wpforms-1954-field_7\">Mensagem:<\/label><textarea id=\"wpforms-1954-field_7\" class=\"wpforms-field-medium\" name=\"wpforms[fields][7]\" ><\/textarea><div class=\"wpforms-field-description\">Escreva aqui sua mensagem.<\/div><\/div><div id=\"wpforms-1954-field_10-container\" class=\"wpforms-field wpforms-field-checkbox\" data-field-id=\"10\"><label class=\"wpforms-field-label\" for=\"wpforms-1954-field_10\">Termos de Uso e Privacidade<\/label><ul id=\"wpforms-1954-field_10\"><li class=\"choice-1 depth-1\"><input type=\"checkbox\" id=\"wpforms-1954-field_10_1\" name=\"wpforms[fields][10][]\" value=\"Concordo que li e aceito os Termos de Privacidade, Termos de Uso e LGPD. Autorizo o uso dos meus dados e configura\u00e7\u00f5es dos cookies. \"  ><label class=\"wpforms-field-label-inline\" for=\"wpforms-1954-field_10_1\">Concordo que li e aceito os Termos de Privacidade, Termos de Uso e LGPD. Autorizo o uso dos meus dados e configura\u00e7\u00f5es dos cookies. <\/label><\/li><\/ul><\/div><\/div><!-- .wpforms-field-container --><div class=\"wpforms-submit-container\" ><input type=\"hidden\" name=\"wpforms[id]\" value=\"1954\"><input type=\"hidden\" name=\"wpforms[author]\" value=\"1\"><button type=\"submit\" name=\"wpforms[submit]\" id=\"wpforms-submit-1954\" class=\"wpforms-submit\" data-alt-text=\"Enviando...\" data-submit-text=\"enviar\" aria-live=\"assertive\" value=\"wpforms-submit\">enviar<\/button><img decoding=\"async\" src=\"https:\/\/novohorizonte.org.br\/home\/wp-content\/plugins\/wpforms\/assets\/images\/submit-spin.svg\" class=\"wpforms-submit-spinner\" style=\"display: none;\" width=\"26\" height=\"26\" alt=\"Loading\"><\/div><\/form><\/div>  <!-- .wpforms-container -->\t\t\t\t<\/div>\n\t\t\t\t<\/div>\n\t\t\t\t\t<\/div>\n\t\t\t\t<\/div>\n\t\t\t\t\t<\/div>\n\t\t\t\t<\/div>\n\t\t\t\t<\/div>\n\t\t","protected":false},"excerpt":{"rendered":"<p>Imprensa | Agende uma entrevista e conhe\u00e7a nossos projetos e o que estamos desenvolvendo em nosso territ\u00f3rio. Venha conhecer nossa institui\u00e7\u00e3o! Estamos de portas abertas! Entre em contato conosco e saiba mais sobre os projetos que estamos realizando no Cana\u00e3. Localiza\u00e7\u00e3o Rua Porto Calvo, 20 Cana\u00e3, Macei\u00f3 &#8211; AL Email contato@institutonovohorizonte.com.br secretaria@novohorizonte.org Telefone +55 82 [&hellip;]<\/p>\n","protected":false},"author":1,"featured_media":0,"parent":0,"menu_order":0,"comment_status":"closed","ping_status":"closed","template":"","meta":{"footnotes":""},"class_list":["post-3079","page","type-page","status-publish","hentry"],"_links":{"self":[{"href":"https:\/\/novohorizonte.org.br\/home\/wp-json\/wp\/v2\/pages\/3079","targetHints":{"allow":["GET"]}}],"collection":[{"href":"https:\/\/novohorizonte.org.br\/home\/wp-json\/wp\/v2\/pages"}],"about":[{"href":"https:\/\/novohorizonte.org.br\/home\/wp-json\/wp\/v2\/types\/page"}],"author":[{"embeddable":true,"href":"https:\/\/novohorizonte.org.br\/home\/wp-json\/wp\/v2\/users\/1"}],"replies":[{"embeddable":true,"href":"https:\/\/novohorizonte.org.br\/home\/wp-json\/wp\/v2\/comments?post=3079"}],"version-history":[{"count":37,"href":"https:\/\/novohorizonte.org.br\/home\/wp-json\/wp\/v2\/pages\/3079\/revisions"}],"predecessor-version":[{"id":4658,"href":"https:\/\/novohorizonte.org.br\/home\/wp-json\/wp\/v2\/pages\/3079\/revisions\/4658"}],"wp:attachment":[{"href":"https:\/\/novohorizonte.org.br\/home\/wp-json\/wp\/v2\/media?parent=3079"}],"curies":[{"name":"wp","href":"https:\/\/api.w.org\/{rel}","templated":true}]}}