{"id":4485,"date":"2024-12-14T07:15:19","date_gmt":"2024-12-14T07:15:19","guid":{"rendered":"https:\/\/novohorizonte.org.br\/home\/?page_id=4485"},"modified":"2024-12-14T07:25:31","modified_gmt":"2024-12-14T07:25:31","slug":"click","status":"publish","type":"page","link":"https:\/\/novohorizonte.org.br\/home\/click\/","title":{"rendered":"click"},"content":{"rendered":"\t\t<div data-elementor-type=\"wp-page\" data-elementor-id=\"4485\" class=\"elementor elementor-4485\" data-elementor-settings=\"{&quot;ha_cmc_init_switcher&quot;:&quot;no&quot;}\" data-elementor-post-type=\"page\">\n\t\t\t\t<div class=\"elementor-element elementor-element-0a4139f e-flex e-con-boxed e-con e-parent\" data-id=\"0a4139f\" data-element_type=\"container\" data-settings=\"{&quot;_ha_eqh_enable&quot;:false}\">\n\t\t\t\t\t<div class=\"e-con-inner\">\n\t\t<div class=\"elementor-element elementor-element-27f3484 e-con-full e-flex e-con e-child\" data-id=\"27f3484\" data-element_type=\"container\" data-settings=\"{&quot;_ha_eqh_enable&quot;:false}\">\n\t\t\t\t<div class=\"elementor-element elementor-element-25fa780 elementor-widget elementor-widget-heading\" data-id=\"25fa780\" data-element_type=\"widget\" data-widget_type=\"heading.default\">\n\t\t\t\t<div class=\"elementor-widget-container\">\n\t\t\t\t\t<h2 class=\"elementor-heading-title elementor-size-default\">Transformando Vidas no Cana\u00e3: O Impacto do Projeto \u201cO Click\u201d<\/h2>\t\t\t\t<\/div>\n\t\t\t\t<\/div>\n\t\t\t\t<div class=\"elementor-element elementor-element-d2a7bf6 elementor-widget elementor-widget-text-editor\" data-id=\"d2a7bf6\" data-element_type=\"widget\" data-widget_type=\"text-editor.default\">\n\t\t\t\t<div class=\"elementor-widget-container\">\n\t\t\t\t\t\t\t\t\t<p>No cora\u00e7\u00e3o do bairro Cana\u00e3, em Macei\u00f3-AL, uma iniciativa est\u00e1 mudando vidas e trazendo esperan\u00e7a para uma comunidade marcada pela vulnerabilidade social. O Instituto Novo Horizonte, com o apoio de recursos viabilizados por emenda parlamentar, deu in\u00edcio ao projeto \u201cO Click\u201d, que j\u00e1 acolheu mais de 120 jovens, com idades entre 15 e 29 anos.<\/p><p>Este curso, que vai desde a inform\u00e1tica b\u00e1sica at\u00e9 o avan\u00e7ado, est\u00e1 sendo mais do que um espa\u00e7o de aprendizado t\u00e9cnico. Ele \u00e9 uma porta de entrada para um futuro melhor, promovendo a autonomia, confian\u00e7a e capacita\u00e7\u00e3o profissional.<\/p>\t\t\t\t\t\t\t\t<\/div>\n\t\t\t\t<\/div>\n\t\t\t\t<\/div>\n\t\t<div class=\"elementor-element elementor-element-f6cd39d e-con-full e-flex e-con e-child\" data-id=\"f6cd39d\" data-element_type=\"container\" data-settings=\"{&quot;_ha_eqh_enable&quot;:false}\">\n\t\t\t\t<div class=\"elementor-element elementor-element-e084004 gallery-spacing-custom elementor-widget elementor-widget-image-gallery\" data-id=\"e084004\" data-element_type=\"widget\" data-widget_type=\"image-gallery.default\">\n\t\t\t\t<div class=\"elementor-widget-container\">\n\t\t\t\t\t\t\t<div class=\"elementor-image-gallery\">\n\t\t\t<div id='gallery-1' class='gallery galleryid-4485 gallery-columns-3 gallery-size-large'><figure class='gallery-item'>\n\t\t\t<div class='gallery-icon landscape'>\n\t\t\t\t<img fetchpriority=\"high\" decoding=\"async\" width=\"800\" height=\"600\" src=\"https:\/\/novohorizonte.org.br\/home\/wp-content\/uploads\/2024\/12\/6-1024x768.jpeg\" class=\"attachment-large size-large\" alt=\"\" srcset=\"https:\/\/novohorizonte.org.br\/home\/wp-content\/uploads\/2024\/12\/6-1024x768.jpeg 1024w, https:\/\/novohorizonte.org.br\/home\/wp-content\/uploads\/2024\/12\/6-300x225.jpeg 300w, https:\/\/novohorizonte.org.br\/home\/wp-content\/uploads\/2024\/12\/6-768x576.jpeg 768w, https:\/\/novohorizonte.org.br\/home\/wp-content\/uploads\/2024\/12\/6-1536x1152.jpeg 1536w, https:\/\/novohorizonte.org.br\/home\/wp-content\/uploads\/2024\/12\/6.jpeg 1600w\" sizes=\"(max-width: 800px) 100vw, 800px\" \/>\n\t\t\t<\/div><\/figure><figure class='gallery-item'>\n\t\t\t<div class='gallery-icon landscape'>\n\t\t\t\t<img decoding=\"async\" width=\"800\" height=\"600\" src=\"https:\/\/novohorizonte.org.br\/home\/wp-content\/uploads\/2024\/12\/3-1024x768.jpeg\" class=\"attachment-large size-large\" alt=\"\" srcset=\"https:\/\/novohorizonte.org.br\/home\/wp-content\/uploads\/2024\/12\/3-1024x768.jpeg 1024w, https:\/\/novohorizonte.org.br\/home\/wp-content\/uploads\/2024\/12\/3-300x225.jpeg 300w, https:\/\/novohorizonte.org.br\/home\/wp-content\/uploads\/2024\/12\/3-768x576.jpeg 768w, https:\/\/novohorizonte.org.br\/home\/wp-content\/uploads\/2024\/12\/3-1536x1152.jpeg 1536w, https:\/\/novohorizonte.org.br\/home\/wp-content\/uploads\/2024\/12\/3.jpeg 1600w\" sizes=\"(max-width: 800px) 100vw, 800px\" \/>\n\t\t\t<\/div><\/figure><figure class='gallery-item'>\n\t\t\t<div class='gallery-icon landscape'>\n\t\t\t\t<img decoding=\"async\" width=\"800\" height=\"600\" src=\"https:\/\/novohorizonte.org.br\/home\/wp-content\/uploads\/2024\/12\/9-1024x768.jpeg\" class=\"attachment-large size-large\" alt=\"\" srcset=\"https:\/\/novohorizonte.org.br\/home\/wp-content\/uploads\/2024\/12\/9-1024x768.jpeg 1024w, https:\/\/novohorizonte.org.br\/home\/wp-content\/uploads\/2024\/12\/9-300x225.jpeg 300w, https:\/\/novohorizonte.org.br\/home\/wp-content\/uploads\/2024\/12\/9-768x576.jpeg 768w, https:\/\/novohorizonte.org.br\/home\/wp-content\/uploads\/2024\/12\/9-1536x1152.jpeg 1536w, https:\/\/novohorizonte.org.br\/home\/wp-content\/uploads\/2024\/12\/9.jpeg 1600w\" sizes=\"(max-width: 800px) 100vw, 800px\" \/>\n\t\t\t<\/div><\/figure><figure class='gallery-item'>\n\t\t\t<div class='gallery-icon landscape'>\n\t\t\t\t<img loading=\"lazy\" decoding=\"async\" width=\"800\" height=\"600\" src=\"https:\/\/novohorizonte.org.br\/home\/wp-content\/uploads\/2024\/12\/8-1024x768.jpeg\" class=\"attachment-large size-large\" alt=\"\" srcset=\"https:\/\/novohorizonte.org.br\/home\/wp-content\/uploads\/2024\/12\/8-1024x768.jpeg 1024w, https:\/\/novohorizonte.org.br\/home\/wp-content\/uploads\/2024\/12\/8-300x225.jpeg 300w, https:\/\/novohorizonte.org.br\/home\/wp-content\/uploads\/2024\/12\/8-768x576.jpeg 768w, https:\/\/novohorizonte.org.br\/home\/wp-content\/uploads\/2024\/12\/8-1536x1152.jpeg 1536w, https:\/\/novohorizonte.org.br\/home\/wp-content\/uploads\/2024\/12\/8.jpeg 1600w\" sizes=\"(max-width: 800px) 100vw, 800px\" \/>\n\t\t\t<\/div><\/figure><figure class='gallery-item'>\n\t\t\t<div class='gallery-icon landscape'>\n\t\t\t\t<img loading=\"lazy\" decoding=\"async\" width=\"800\" height=\"600\" src=\"https:\/\/novohorizonte.org.br\/home\/wp-content\/uploads\/2024\/12\/7-1024x768.jpeg\" class=\"attachment-large size-large\" alt=\"\" srcset=\"https:\/\/novohorizonte.org.br\/home\/wp-content\/uploads\/2024\/12\/7-1024x768.jpeg 1024w, https:\/\/novohorizonte.org.br\/home\/wp-content\/uploads\/2024\/12\/7-300x225.jpeg 300w, https:\/\/novohorizonte.org.br\/home\/wp-content\/uploads\/2024\/12\/7-768x576.jpeg 768w, https:\/\/novohorizonte.org.br\/home\/wp-content\/uploads\/2024\/12\/7-1536x1152.jpeg 1536w, https:\/\/novohorizonte.org.br\/home\/wp-content\/uploads\/2024\/12\/7.jpeg 1600w\" sizes=\"(max-width: 800px) 100vw, 800px\" \/>\n\t\t\t<\/div><\/figure>\n\t\t<\/div>\n\t\t<\/div>\n\t\t\t\t\t\t<\/div>\n\t\t\t\t<\/div>\n\t\t\t\t<\/div>\n\t\t\t\t\t<\/div>\n\t\t\t\t<\/div>\n\t\t<div class=\"elementor-element elementor-element-e3d7cb1 e-flex e-con-boxed e-con e-parent\" data-id=\"e3d7cb1\" data-element_type=\"container\" data-settings=\"{&quot;_ha_eqh_enable&quot;:false}\">\n\t\t\t\t\t<div class=\"e-con-inner\">\n\t\t<div class=\"elementor-element elementor-element-dbe17bb e-con-full e-flex e-con e-child\" data-id=\"dbe17bb\" data-element_type=\"container\" data-settings=\"{&quot;_ha_eqh_enable&quot;:false}\">\n\t\t\t\t<div class=\"elementor-element elementor-element-1e3249c elementor-widget elementor-widget-image\" data-id=\"1e3249c\" data-element_type=\"widget\" data-widget_type=\"image.default\">\n\t\t\t\t<div class=\"elementor-widget-container\">\n\t\t\t\t\t\t\t\t\t\t\t\t\t\t\t<img loading=\"lazy\" decoding=\"async\" width=\"800\" height=\"600\" src=\"https:\/\/novohorizonte.org.br\/home\/wp-content\/uploads\/2024\/12\/2-1024x768.jpeg\" class=\"attachment-large size-large wp-image-4474\" alt=\"\" srcset=\"https:\/\/novohorizonte.org.br\/home\/wp-content\/uploads\/2024\/12\/2-1024x768.jpeg 1024w, https:\/\/novohorizonte.org.br\/home\/wp-content\/uploads\/2024\/12\/2-300x225.jpeg 300w, https:\/\/novohorizonte.org.br\/home\/wp-content\/uploads\/2024\/12\/2-768x576.jpeg 768w, https:\/\/novohorizonte.org.br\/home\/wp-content\/uploads\/2024\/12\/2-1536x1152.jpeg 1536w, https:\/\/novohorizonte.org.br\/home\/wp-content\/uploads\/2024\/12\/2.jpeg 1600w\" sizes=\"(max-width: 800px) 100vw, 800px\" \/>\t\t\t\t\t\t\t\t\t\t\t\t\t\t\t<\/div>\n\t\t\t\t<\/div>\n\t\t\t\t<\/div>\n\t\t<div class=\"elementor-element elementor-element-7af4862 e-con-full e-flex e-con e-child\" data-id=\"7af4862\" data-element_type=\"container\" data-settings=\"{&quot;_ha_eqh_enable&quot;:false}\">\n\t\t\t\t<div class=\"elementor-element elementor-element-1af5eeb elementor-widget elementor-widget-heading\" data-id=\"1af5eeb\" data-element_type=\"widget\" data-widget_type=\"heading.default\">\n\t\t\t\t<div class=\"elementor-widget-container\">\n\t\t\t\t\t<h2 class=\"elementor-heading-title elementor-size-default\">Por que o Cana\u00e3?<\/h2>\t\t\t\t<\/div>\n\t\t\t\t<\/div>\n\t\t\t\t<div class=\"elementor-element elementor-element-8b5d1cc elementor-widget elementor-widget-text-editor\" data-id=\"8b5d1cc\" data-element_type=\"widget\" data-widget_type=\"text-editor.default\">\n\t\t\t\t<div class=\"elementor-widget-container\">\n\t\t\t\t\t\t\t\t\t<p>O bairro Cana\u00e3 \u00e9 conhecido por suas condi\u00e7\u00f5es de extrema desigualdade, onde muitas fam\u00edlias enfrentam desafios di\u00e1rios para garantir o b\u00e1sico. Moradores dessas \u00e1reas frequentemente t\u00eam acesso limitado a recursos educacionais e tecnol\u00f3gicos, o que dificulta ainda mais sua inclus\u00e3o no mercado de trabalho. \u201cO Click\u201d surge, ent\u00e3o, como uma luz em meio a essas dificuldades.<\/p>\t\t\t\t\t\t\t\t<\/div>\n\t\t\t\t<\/div>\n\t\t\t\t<div class=\"elementor-element elementor-element-64c6f3d elementor-widget elementor-widget-heading\" data-id=\"64c6f3d\" data-element_type=\"widget\" data-widget_type=\"heading.default\">\n\t\t\t\t<div class=\"elementor-widget-container\">\n\t\t\t\t\t<h2 class=\"elementor-heading-title elementor-size-default\">O Que Fazemos?<\/h2>\t\t\t\t<\/div>\n\t\t\t\t<\/div>\n\t\t\t\t<div class=\"elementor-element elementor-element-c175b29 elementor-widget elementor-widget-text-editor\" data-id=\"c175b29\" data-element_type=\"widget\" data-widget_type=\"text-editor.default\">\n\t\t\t\t<div class=\"elementor-widget-container\">\n\t\t\t\t\t\t\t\t\t<p>A proposta de \u201cO Click\u201d \u00e9 clara e transformadora: promover inclus\u00e3o digital e profissionalizar jovens por meio da tecnologia. O curso conta com m\u00f3dulos diversificados, como Introdu\u00e7\u00e3o \u00e0 Inform\u00e1tica, Windows 11, Redes Sociais e Aplicativos, al\u00e9m de ferramentas do pacote Microsoft 365. Cada jovem que passa por essas aulas sai mais preparado para encarar os desafios do mercado de trabalho moderno.<\/p><p>Al\u00e9m disso, os alunos aprendem a aplicar os conhecimentos adquiridos em suas vidas di\u00e1rias e t\u00eam a chance de construir um futuro mais promissor, contribuindo para o desenvolvimento da comunidade onde vivem.<\/p>\t\t\t\t\t\t\t\t<\/div>\n\t\t\t\t<\/div>\n\t\t\t\t<\/div>\n\t\t\t\t\t<\/div>\n\t\t\t\t<\/div>\n\t\t<div class=\"elementor-element elementor-element-7342b6b e-flex e-con-boxed e-con e-parent\" data-id=\"7342b6b\" data-element_type=\"container\" data-settings=\"{&quot;_ha_eqh_enable&quot;:false}\">\n\t\t\t\t\t<div class=\"e-con-inner\">\n\t\t<div class=\"elementor-element elementor-element-749c9d8 e-con-full e-flex e-con e-child\" data-id=\"749c9d8\" data-element_type=\"container\" data-settings=\"{&quot;_ha_eqh_enable&quot;:false}\">\n\t\t\t\t<div class=\"elementor-element elementor-element-47d577b elementor-widget elementor-widget-heading\" data-id=\"47d577b\" data-element_type=\"widget\" data-widget_type=\"heading.default\">\n\t\t\t\t<div class=\"elementor-widget-container\">\n\t\t\t\t\t<h2 class=\"elementor-heading-title elementor-size-default\">Resultados Alcan\u00e7ados<\/h2>\t\t\t\t<\/div>\n\t\t\t\t<\/div>\n\t\t\t\t<div class=\"elementor-element elementor-element-68565d7 elementor-widget elementor-widget-text-editor\" data-id=\"68565d7\" data-element_type=\"widget\" data-widget_type=\"text-editor.default\">\n\t\t\t\t<div class=\"elementor-widget-container\">\n\t\t\t\t\t\t\t\t\t<p>Mais do que n\u00fameros, os resultados de \u201cO Click\u201d podem ser sentidos nos depoimentos emocionados dos jovens que participam. Muitos deles, antes sem perspectivas, agora enxergam oportunidades reais de emprego e renda. As aulas tamb\u00e9m proporcionam algo valioso: confian\u00e7a e pertencimento.<\/p><p>Com isso, o projeto tamb\u00e9m fortalece la\u00e7os comunit\u00e1rios e oferece ferramentas para que esses jovens se tornem agentes de transforma\u00e7\u00e3o dentro e fora do bairro.<\/p>\t\t\t\t\t\t\t\t<\/div>\n\t\t\t\t<\/div>\n\t\t\t\t<\/div>\n\t\t<div class=\"elementor-element elementor-element-2822f97 e-con-full e-flex e-con e-child\" data-id=\"2822f97\" data-element_type=\"container\" data-settings=\"{&quot;_ha_eqh_enable&quot;:false}\">\n\t\t\t\t<div class=\"elementor-element elementor-element-db723c4 elementor-widget elementor-widget-image\" data-id=\"db723c4\" data-element_type=\"widget\" data-widget_type=\"image.default\">\n\t\t\t\t<div class=\"elementor-widget-container\">\n\t\t\t\t\t\t\t\t\t\t\t\t\t\t\t<img loading=\"lazy\" decoding=\"async\" width=\"800\" height=\"600\" src=\"https:\/\/novohorizonte.org.br\/home\/wp-content\/uploads\/2024\/12\/1-1024x768.jpeg\" class=\"attachment-large size-large wp-image-4473\" alt=\"\" srcset=\"https:\/\/novohorizonte.org.br\/home\/wp-content\/uploads\/2024\/12\/1-1024x768.jpeg 1024w, https:\/\/novohorizonte.org.br\/home\/wp-content\/uploads\/2024\/12\/1-300x225.jpeg 300w, https:\/\/novohorizonte.org.br\/home\/wp-content\/uploads\/2024\/12\/1-768x576.jpeg 768w, https:\/\/novohorizonte.org.br\/home\/wp-content\/uploads\/2024\/12\/1-1536x1152.jpeg 1536w, https:\/\/novohorizonte.org.br\/home\/wp-content\/uploads\/2024\/12\/1.jpeg 1600w\" sizes=\"(max-width: 800px) 100vw, 800px\" \/>\t\t\t\t\t\t\t\t\t\t\t\t\t\t\t<\/div>\n\t\t\t\t<\/div>\n\t\t\t\t<\/div>\n\t\t\t\t\t<\/div>\n\t\t\t\t<\/div>\n\t\t<div class=\"elementor-element elementor-element-e4fe725 e-flex e-con-boxed e-con e-parent\" data-id=\"e4fe725\" data-element_type=\"container\" data-settings=\"{&quot;_ha_eqh_enable&quot;:false}\">\n\t\t\t\t\t<div class=\"e-con-inner\">\n\t\t<div class=\"elementor-element elementor-element-585427b e-con-full e-flex e-con e-child\" data-id=\"585427b\" data-element_type=\"container\" data-settings=\"{&quot;_ha_eqh_enable&quot;:false}\">\n\t\t\t\t<div class=\"elementor-element elementor-element-aeeec56 elementor-widget elementor-widget-image\" data-id=\"aeeec56\" data-element_type=\"widget\" data-widget_type=\"image.default\">\n\t\t\t\t<div class=\"elementor-widget-container\">\n\t\t\t\t\t\t\t\t\t\t\t\t\t\t\t<img loading=\"lazy\" decoding=\"async\" width=\"800\" height=\"600\" src=\"https:\/\/novohorizonte.org.br\/home\/wp-content\/uploads\/2024\/12\/6-1024x768.jpeg\" class=\"attachment-large size-large wp-image-4478\" alt=\"\" srcset=\"https:\/\/novohorizonte.org.br\/home\/wp-content\/uploads\/2024\/12\/6-1024x768.jpeg 1024w, https:\/\/novohorizonte.org.br\/home\/wp-content\/uploads\/2024\/12\/6-300x225.jpeg 300w, https:\/\/novohorizonte.org.br\/home\/wp-content\/uploads\/2024\/12\/6-768x576.jpeg 768w, https:\/\/novohorizonte.org.br\/home\/wp-content\/uploads\/2024\/12\/6-1536x1152.jpeg 1536w, https:\/\/novohorizonte.org.br\/home\/wp-content\/uploads\/2024\/12\/6.jpeg 1600w\" sizes=\"(max-width: 800px) 100vw, 800px\" \/>\t\t\t\t\t\t\t\t\t\t\t\t\t\t\t<\/div>\n\t\t\t\t<\/div>\n\t\t\t\t<\/div>\n\t\t<div class=\"elementor-element elementor-element-38c98ef e-con-full e-flex e-con e-child\" data-id=\"38c98ef\" data-element_type=\"container\" data-settings=\"{&quot;_ha_eqh_enable&quot;:false}\">\n\t\t\t\t<div class=\"elementor-element elementor-element-10d6cf5 elementor-widget elementor-widget-heading\" data-id=\"10d6cf5\" data-element_type=\"widget\" data-widget_type=\"heading.default\">\n\t\t\t\t<div class=\"elementor-widget-container\">\n\t\t\t\t\t<h2 class=\"elementor-heading-title elementor-size-default\">Apoio e Gratid\u00e3o<\/h2>\t\t\t\t<\/div>\n\t\t\t\t<\/div>\n\t\t\t\t<div class=\"elementor-element elementor-element-d8efa72 elementor-widget elementor-widget-text-editor\" data-id=\"d8efa72\" data-element_type=\"widget\" data-widget_type=\"text-editor.default\">\n\t\t\t\t<div class=\"elementor-widget-container\">\n\t\t\t\t\t\t\t\t\t<p>Nada disso seria poss\u00edvel sem a parceria de apoiadores comprometidos, como o Senador Rodrigo Cunha que acreditou no potencial desse projeto e destinou os recursos necess\u00e1rios, recursos estes, oriundos da emenda em conformidade com a Lei n\u00ba 12.852, de 5 de agosto de 2013.<\/p><p>Cada colaborador e profissional envolvido est\u00e1 deixando um legado inestim\u00e1vel, que ser\u00e1 sentido por gera\u00e7\u00f5es.<\/p><p>Recursos oriundos da emenda do Senador Rodrigo Cunha<br \/>em conformidade com a Lei n\u00ba 12.852, de 5 de agosto de 2013.<\/p><p><strong>\u201cO Click\u201d<\/strong>\u00a0n\u00e3o \u00e9 apenas um curso; \u00e9 uma revolu\u00e7\u00e3o silenciosa que leva dignidade e oportunidade para aqueles que mais precisam.<\/p>\t\t\t\t\t\t\t\t<\/div>\n\t\t\t\t<\/div>\n\t\t\t\t<\/div>\n\t\t\t\t\t<\/div>\n\t\t\t\t<\/div>\n\t\t<div class=\"elementor-element elementor-element-07380d9 e-flex e-con-boxed e-con e-parent\" data-id=\"07380d9\" data-element_type=\"container\" data-settings=\"{&quot;_ha_eqh_enable&quot;:false}\">\n\t\t\t\t\t<div class=\"e-con-inner\">\n\t\t<div class=\"elementor-element elementor-element-69b0dfe e-con-full e-flex e-con e-child\" data-id=\"69b0dfe\" data-element_type=\"container\" data-settings=\"{&quot;_ha_eqh_enable&quot;:false}\">\n\t\t\t\t<div class=\"elementor-element elementor-element-6a4b7e9 elementor-widget elementor-widget-heading\" data-id=\"6a4b7e9\" data-element_type=\"widget\" data-widget_type=\"heading.default\">\n\t\t\t\t<div class=\"elementor-widget-container\">\n\t\t\t\t\t<h2 class=\"elementor-heading-title elementor-size-default\">Informa\u00e7\u00f5es legais<\/h2>\t\t\t\t<\/div>\n\t\t\t\t<\/div>\n\t\t\t\t<div class=\"elementor-element elementor-element-87f21df elementor-widget elementor-widget-text-editor\" data-id=\"87f21df\" data-element_type=\"widget\" data-widget_type=\"text-editor.default\">\n\t\t\t\t<div class=\"elementor-widget-container\">\n\t\t\t\t\t\t\t\t\t<p><span class=\"Apple-converted-space\">&nbsp;<\/span>PROPONENTE: <b>CNPJ 69.978.518\/0001-09 &#8211; INSTITUTO NOVO HORIZONTE \u2013 INH<span class=\"Apple-converted-space\">&nbsp;<\/span><\/b><b><\/b><\/p>\n<p>CONCEDENTE<b>: <\/b><b>20101 &#8211; Presid\u00eancia da Rep\u00fablica<span class=\"Apple-converted-space\">&nbsp;<\/span><\/b><b><\/b><\/p>\n<p>\u2022 N\u00famero e autoria da emenda parlamentar: 41780004<b>&#8211; Rodrigo Cunha<span class=\"Apple-converted-space\">&nbsp;<\/span><\/b><b><\/b><\/p>\n<p>\u2022 Valor da emenda: <b>R$ 150.000,00 &#8211; Rodrigo Cunha<span class=\"Apple-converted-space\">&nbsp;<\/span><\/b><b><\/b><\/p>\n<p>\u2022 Valor global do(s) projeto(s) financiado(s); <b>R$ 150.000,00<span class=\"Apple-converted-space\">&nbsp;<\/span><\/b><b><\/b><\/p>\n<p>\u2022 N\u00famero da proposta: <b>011428\/2023<span class=\"Apple-converted-space\">&nbsp;<\/span><\/b><b><\/b><\/p>\n<p>\u2022 Objeto do(s) termo(s) de <b>Realizar Cursos Profissionalizantes para jovens entre 15 e 29 anos, no Munic\u00edpio de Macei\u00f3 &#8211; AL.<span class=\"Apple-converted-space\">&nbsp;<\/span><\/b><b><\/b><\/p>\n<p>\u2022 Nome do projeto, quando aplic\u00e1vel: <b>Projeto \u201cO CLIK\u201d<span class=\"Apple-converted-space\">&nbsp;<\/span><\/b><b><\/b><\/p>\n<p>\u2022 A \u00edntegra do(s) termo(s) de fomento anexada(s): <b>Termo em anexo<\/b><\/p>\t\t\t\t\t\t\t\t<\/div>\n\t\t\t\t<\/div>\n\t\t\t\t<div class=\"elementor-element elementor-element-7dbeaf5 elementor-widget elementor-widget-button\" data-id=\"7dbeaf5\" data-element_type=\"widget\" data-widget_type=\"button.default\">\n\t\t\t\t<div class=\"elementor-widget-container\">\n\t\t\t\t\t\t\t\t\t<div class=\"elementor-button-wrapper\">\n\t\t\t\t\t<a class=\"elementor-button elementor-button-link elementor-size-sm\" href=\"https:\/\/acrobat.adobe.com\/id\/urn:aaid:sc:VA6C2:3934c9f7-2fc9-4612-b84f-7a60b0b7f972\">\n\t\t\t\t\t\t<span class=\"elementor-button-content-wrapper\">\n\t\t\t\t\t\t\t\t\t<span class=\"elementor-button-text\">Termo de fomento<\/span>\n\t\t\t\t\t<\/span>\n\t\t\t\t\t<\/a>\n\t\t\t\t<\/div>\n\t\t\t\t\t\t\t\t<\/div>\n\t\t\t\t<\/div>\n\t\t\t\t<\/div>\n\t\t\t\t\t<\/div>\n\t\t\t\t<\/div>\n\t\t\t\t<\/div>\n\t\t","protected":false},"excerpt":{"rendered":"<p>Transformando Vidas no Cana\u00e3: O Impacto do Projeto \u201cO Click\u201d No cora\u00e7\u00e3o do bairro Cana\u00e3, em Macei\u00f3-AL, uma iniciativa est\u00e1 mudando vidas e trazendo esperan\u00e7a para uma comunidade marcada pela vulnerabilidade social. O Instituto Novo Horizonte, com o apoio de recursos viabilizados por emenda parlamentar, deu in\u00edcio ao projeto \u201cO Click\u201d, que j\u00e1 acolheu mais [&hellip;]<\/p>\n","protected":false},"author":1,"featured_media":0,"parent":0,"menu_order":0,"comment_status":"closed","ping_status":"closed","template":"","meta":{"footnotes":""},"class_list":["post-4485","page","type-page","status-publish","hentry"],"_links":{"self":[{"href":"https:\/\/novohorizonte.org.br\/home\/wp-json\/wp\/v2\/pages\/4485","targetHints":{"allow":["GET"]}}],"collection":[{"href":"https:\/\/novohorizonte.org.br\/home\/wp-json\/wp\/v2\/pages"}],"about":[{"href":"https:\/\/novohorizonte.org.br\/home\/wp-json\/wp\/v2\/types\/page"}],"author":[{"embeddable":true,"href":"https:\/\/novohorizonte.org.br\/home\/wp-json\/wp\/v2\/users\/1"}],"replies":[{"embeddable":true,"href":"https:\/\/novohorizonte.org.br\/home\/wp-json\/wp\/v2\/comments?post=4485"}],"version-history":[{"count":7,"href":"https:\/\/novohorizonte.org.br\/home\/wp-json\/wp\/v2\/pages\/4485\/revisions"}],"predecessor-version":[{"id":4502,"href":"https:\/\/novohorizonte.org.br\/home\/wp-json\/wp\/v2\/pages\/4485\/revisions\/4502"}],"wp:attachment":[{"href":"https:\/\/novohorizonte.org.br\/home\/wp-json\/wp\/v2\/media?parent=4485"}],"curies":[{"name":"wp","href":"https:\/\/api.w.org\/{rel}","templated":true}]}}