{"id":4510,"date":"2024-12-14T07:28:24","date_gmt":"2024-12-14T07:28:24","guid":{"rendered":"https:\/\/novohorizonte.org.br\/home\/?page_id=4510"},"modified":"2024-12-14T07:30:42","modified_gmt":"2024-12-14T07:30:42","slug":"movimentando","status":"publish","type":"page","link":"https:\/\/novohorizonte.org.br\/home\/movimentando\/","title":{"rendered":"movimentando horizontes"},"content":{"rendered":"\t\t<div data-elementor-type=\"wp-page\" data-elementor-id=\"4510\" class=\"elementor elementor-4510\" data-elementor-settings=\"{&quot;ha_cmc_init_switcher&quot;:&quot;no&quot;}\" data-elementor-post-type=\"page\">\n\t\t\t\t<div class=\"elementor-element elementor-element-0a4139f e-flex e-con-boxed e-con e-parent\" data-id=\"0a4139f\" data-element_type=\"container\" data-settings=\"{&quot;_ha_eqh_enable&quot;:false}\">\n\t\t\t\t\t<div class=\"e-con-inner\">\n\t\t<div class=\"elementor-element elementor-element-27f3484 e-con-full e-flex e-con e-child\" data-id=\"27f3484\" data-element_type=\"container\" data-settings=\"{&quot;_ha_eqh_enable&quot;:false}\">\n\t\t\t\t<div class=\"elementor-element elementor-element-25fa780 elementor-widget elementor-widget-heading\" data-id=\"25fa780\" data-element_type=\"widget\" data-widget_type=\"heading.default\">\n\t\t\t\t<div class=\"elementor-widget-container\">\n\t\t\t\t\t<h2 class=\"elementor-heading-title elementor-size-default\">Movimentando Horizontes: Transformando a Comunidade de Macei\u00f3<\/h2>\t\t\t\t<\/div>\n\t\t\t\t<\/div>\n\t\t\t\t<div class=\"elementor-element elementor-element-d2a7bf6 elementor-widget elementor-widget-text-editor\" data-id=\"d2a7bf6\" data-element_type=\"widget\" data-widget_type=\"text-editor.default\">\n\t\t\t\t<div class=\"elementor-widget-container\">\n\t\t\t\t\t\t\t\t\t<p>O <strong>Projeto Movimentando Horizontes<\/strong> \u00e9 uma iniciativa transformadora que est\u00e1 impactando positivamente a vida de crian\u00e7as, jovens e idosos na cidade de Macei\u00f3. Por meio de atividades esportivas diversificadas, como futebol, jiu-jitsu, capoeira, movimenta\u00e7\u00e3o corporal e pilates, o projeto vai al\u00e9m da pr\u00e1tica esportiva, promovendo sa\u00fade f\u00edsica e mental, valores humanos e inclus\u00e3o social.<\/p><p><strong>Esporte como Ferramenta de Transforma\u00e7\u00e3o<\/strong><\/p><ul><li><strong>Futebol<\/strong>: Destinado a crian\u00e7as de 6 a 14 anos e jovens de 15 a 18 anos, o futebol no projeto \u00e9 mais que um esporte. \u00c9 uma ferramenta educativa que desenvolve o f\u00edsico, ensina valores como respeito e disciplina, e promove o trabalho em equipe.<\/li><li><strong>Jiu-Jitsu<\/strong>: Para jovens de 15 a 29 anos, essa modalidade trabalha o condicionamento f\u00edsico e habilidades de autodefesa, al\u00e9m de fortalecer a autoconfian\u00e7a e a resili\u00eancia mental.<\/li><li><strong>Capoeira<\/strong>: Combina atividade f\u00edsica com um mergulho na cultura brasileira, valorizando a express\u00e3o corporal e os aspectos hist\u00f3ricos da nossa heran\u00e7a cultural.<\/li><li><strong>Pilates e Movimenta\u00e7\u00e3o Corporal<\/strong>: Voltado para adultos e idosos, promove fortalecimento muscular, equil\u00edbrio e bem-estar, sempre com acompanhamento m\u00e9dico para casos de comorbidades.<\/li><\/ul><h3><strong>Apoio Integral aos Participantes<\/strong><\/h3><p>O projeto n\u00e3o se limita \u00e0s modalidades esportivas. Uma equipe multiprofissional composta por fisioterapeutas, nutricionistas, psic\u00f3logos e assistentes sociais garante um suporte completo para os participantes. Esse cuidado abrange desde a reabilita\u00e7\u00e3o f\u00edsica e orienta\u00e7\u00e3o nutricional at\u00e9 o suporte emocional e assist\u00eancia social, criando uma rede de apoio que cuida do corpo e da mente.<\/p><h3><strong>Impacto Real na Comunidade<\/strong><\/h3><p>O <strong>Projeto Movimentando Horizontes<\/strong> tem como principal objetivo o desenvolvimento integral dos participantes, promovendo:<\/p><ul><li>Melhoria da sa\u00fade f\u00edsica e mental.<\/li><li>Desenvolvimento t\u00e9cnico nas modalidades esportivas.<\/li><li>Ensino de valores como trabalho em equipe e respeito.<\/li><li>Fortalecimento da autoconfian\u00e7a e resili\u00eancia.<\/li><li>Bem-estar e qualidade de vida para todas as idades.<\/li><\/ul><p>Al\u00e9m disso, s\u00e3o realizadas avalia\u00e7\u00f5es regulares para medir o impacto do projeto na vida dos participantes, garantindo o aprimoramento cont\u00ednuo das atividades.<\/p><h3><strong>Um Instituto que Faz a Diferen\u00e7a<\/strong><\/h3><p>O <strong>Instituto Novo Horizonte<\/strong>, fundado em 1993, tem uma longa trajet\u00f3ria de atua\u00e7\u00e3o na promo\u00e7\u00e3o de sa\u00fade, educa\u00e7\u00e3o, empreendedorismo e cultura. Desde que foi assumido pelo Dr. Glauco Leit\u00e3o em 2017, a organiza\u00e7\u00e3o intensificou suas a\u00e7\u00f5es no bairro Cana\u00e3 e regi\u00f5es vizinhas, impactando diretamente as comunidades mais vulner\u00e1veis.<\/p><p>Com a capoeira, o jiu-jitsu e o futebol como pilares esportivos, o instituto j\u00e1 formou campe\u00f5es e, mais importante, cidad\u00e3os. Sua abordagem integrada continua sendo um farol de esperan\u00e7a para quem mais precisa.<\/p><h3><strong>Juntos, Movimentamos Horizontes<\/strong><\/h3><p>O <strong>Projeto Movimentando Horizontes<\/strong> \u00e9 um convite \u00e0 transforma\u00e7\u00e3o. Com o apoio de parcerias locais, empresas e \u00f3rg\u00e3os governamentais, buscamos ampliar nosso alcance e oferecer mais oportunidades \u00e0 comunidade. Cada investidor e apoiador \u00e9 parte fundamental dessa hist\u00f3ria, ajudando a transformar vidas e construir um futuro melhor.<\/p><p><strong>Porque mudar o mundo come\u00e7a com pequenos passos. E, em Macei\u00f3, esses passos est\u00e3o ganhando for\u00e7a e movimento.<\/strong><\/p><h3>\u00a0<\/h3>\t\t\t\t\t\t\t\t<\/div>\n\t\t\t\t<\/div>\n\t\t\t\t<\/div>\n\t\t<div class=\"elementor-element elementor-element-f6cd39d e-con-full e-flex e-con e-child\" data-id=\"f6cd39d\" data-element_type=\"container\" data-settings=\"{&quot;_ha_eqh_enable&quot;:false}\">\n\t\t\t\t<div class=\"elementor-element elementor-element-1e3249c elementor-widget elementor-widget-image\" data-id=\"1e3249c\" data-element_type=\"widget\" data-widget_type=\"image.default\">\n\t\t\t\t<div class=\"elementor-widget-container\">\n\t\t\t\t\t\t\t\t\t\t\t\t\t\t\t<img fetchpriority=\"high\" decoding=\"async\" width=\"734\" height=\"1024\" src=\"https:\/\/novohorizonte.org.br\/home\/wp-content\/uploads\/2024\/12\/WhatsApp-Image-2024-12-13-at-23.54.32-734x1024.jpeg\" class=\"attachment-large size-large wp-image-4506\" alt=\"\" srcset=\"https:\/\/novohorizonte.org.br\/home\/wp-content\/uploads\/2024\/12\/WhatsApp-Image-2024-12-13-at-23.54.32-734x1024.jpeg 734w, https:\/\/novohorizonte.org.br\/home\/wp-content\/uploads\/2024\/12\/WhatsApp-Image-2024-12-13-at-23.54.32-215x300.jpeg 215w, https:\/\/novohorizonte.org.br\/home\/wp-content\/uploads\/2024\/12\/WhatsApp-Image-2024-12-13-at-23.54.32-768x1071.jpeg 768w, https:\/\/novohorizonte.org.br\/home\/wp-content\/uploads\/2024\/12\/WhatsApp-Image-2024-12-13-at-23.54.32.jpeg 1080w\" sizes=\"(max-width: 734px) 100vw, 734px\" \/>\t\t\t\t\t\t\t\t\t\t\t\t\t\t\t<\/div>\n\t\t\t\t<\/div>\n\t\t\t\t<\/div>\n\t\t\t\t\t<\/div>\n\t\t\t\t<\/div>\n\t\t<div class=\"elementor-element elementor-element-07380d9 e-flex e-con-boxed e-con e-parent\" data-id=\"07380d9\" data-element_type=\"container\" data-settings=\"{&quot;_ha_eqh_enable&quot;:false}\">\n\t\t\t\t\t<div class=\"e-con-inner\">\n\t\t<div class=\"elementor-element elementor-element-69b0dfe e-con-full e-flex e-con e-child\" data-id=\"69b0dfe\" data-element_type=\"container\" data-settings=\"{&quot;_ha_eqh_enable&quot;:false}\">\n\t\t\t\t<div class=\"elementor-element elementor-element-6a4b7e9 elementor-widget elementor-widget-heading\" data-id=\"6a4b7e9\" data-element_type=\"widget\" data-widget_type=\"heading.default\">\n\t\t\t\t<div class=\"elementor-widget-container\">\n\t\t\t\t\t<h2 class=\"elementor-heading-title elementor-size-default\">Informa\u00e7\u00f5es legais<\/h2>\t\t\t\t<\/div>\n\t\t\t\t<\/div>\n\t\t\t\t<div class=\"elementor-element elementor-element-87f21df elementor-widget elementor-widget-text-editor\" data-id=\"87f21df\" data-element_type=\"widget\" data-widget_type=\"text-editor.default\">\n\t\t\t\t<div class=\"elementor-widget-container\">\n\t\t\t\t\t\t\t\t\t<p><span class=\"Apple-converted-space\">\u00a0<\/span>PROPONENTE: <b>CNPJ 69.978.518\/0001-09 &#8211; INSTITUTO NOVO HORIZONTE \u2013 INH<span class=\"Apple-converted-space\">\u00a0<\/span><\/b><b><\/b><\/p><p>CONCEDENTE<b>: 51000 &#8211; MINISTERIO DO ESPORTE<span class=\"Apple-converted-space\">\u00a0<\/span><\/b><b><\/b><\/p><p>\u2022 N\u00famero e autoria da emenda parlamentar: 41780001<b>&#8211; Rodrigo Cunha<span class=\"Apple-converted-space\">\u00a0<\/span><\/b><b><\/b><\/p><p>\u2022 Valor da emenda: <b>R$ 200.000,00 &#8211; Rodrigo Cunha<span class=\"Apple-converted-space\">\u00a0<\/span><\/b><b><\/b><\/p><p>\u2022 Valor global do(s) projeto(s) financiado(s); <b>R$ 200.000,00<span class=\"Apple-converted-space\">\u00a0<\/span><\/b><b><\/b><\/p><p>\u2022 N\u00famero da proposta: <b>001244\/2024<span class=\"Apple-converted-space\">\u00a0<\/span><\/b><b><\/b><\/p><p>\u2022 Objeto do(s) termo(s) de fomento <b>I<\/b><b>mplementa\u00e7\u00e3o e Desenvolvimento do Projeto Movimentando Horizontes no Munic\u00edpio de Macei\u00f3\/AL<span class=\"Apple-converted-space\">\u00a0<\/span><\/b><b><\/b><\/p><p>\u2022 Nome do projeto, quando aplic\u00e1vel: <b>Projeto Movimentando Horizontes<span class=\"Apple-converted-space\">\u00a0<\/span><\/b><b><\/b><\/p><p>\u2022 A \u00edntegra do(s) termo(s) de fomento anexada(s): <b>N\u00e3o dispon\u00edvel<span class=\"Apple-converted-space\">\u00a0<\/span><\/b><b><\/b><\/p><p>&#8212;&#8212;&#8212;&#8212;&#8212;&#8212;&#8212;&#8212;&#8212;&#8212;&#8212;&#8212;&#8212;&#8212;&#8212;&#8212;&#8212;&#8212;&#8212;&#8212;&#8212;&#8212;&#8212;&#8212;&#8212;&#8212;&#8212;&#8212;&#8212;&#8212;&#8212;&#8212;&#8212;&#8212;&#8212;&#8212;&#8212;&#8212;&#8212;<span class=\"Apple-converted-space\">\u00a0<\/span><\/p>\t\t\t\t\t\t\t\t<\/div>\n\t\t\t\t<\/div>\n\t\t\t\t<div class=\"elementor-element elementor-element-7dbeaf5 elementor-widget elementor-widget-button\" data-id=\"7dbeaf5\" data-element_type=\"widget\" data-widget_type=\"button.default\">\n\t\t\t\t<div class=\"elementor-widget-container\">\n\t\t\t\t\t\t\t\t\t<div class=\"elementor-button-wrapper\">\n\t\t\t\t\t<a class=\"elementor-button elementor-size-sm\" role=\"button\">\n\t\t\t\t\t\t<span class=\"elementor-button-content-wrapper\">\n\t\t\t\t\t\t\t\t\t<span class=\"elementor-button-text\">Termo de fomento<\/span>\n\t\t\t\t\t<\/span>\n\t\t\t\t\t<\/a>\n\t\t\t\t<\/div>\n\t\t\t\t\t\t\t\t<\/div>\n\t\t\t\t<\/div>\n\t\t\t\t<\/div>\n\t\t\t\t\t<\/div>\n\t\t\t\t<\/div>\n\t\t\t\t<\/div>\n\t\t","protected":false},"excerpt":{"rendered":"<p>Movimentando Horizontes: Transformando a Comunidade de Macei\u00f3 O Projeto Movimentando Horizontes \u00e9 uma iniciativa transformadora que est\u00e1 impactando positivamente a vida de crian\u00e7as, jovens e idosos na cidade de Macei\u00f3. Por meio de atividades esportivas diversificadas, como futebol, jiu-jitsu, capoeira, movimenta\u00e7\u00e3o corporal e pilates, o projeto vai al\u00e9m da pr\u00e1tica esportiva, promovendo sa\u00fade f\u00edsica e [&hellip;]<\/p>\n","protected":false},"author":1,"featured_media":0,"parent":0,"menu_order":0,"comment_status":"closed","ping_status":"closed","template":"","meta":{"footnotes":""},"class_list":["post-4510","page","type-page","status-publish","hentry"],"_links":{"self":[{"href":"https:\/\/novohorizonte.org.br\/home\/wp-json\/wp\/v2\/pages\/4510","targetHints":{"allow":["GET"]}}],"collection":[{"href":"https:\/\/novohorizonte.org.br\/home\/wp-json\/wp\/v2\/pages"}],"about":[{"href":"https:\/\/novohorizonte.org.br\/home\/wp-json\/wp\/v2\/types\/page"}],"author":[{"embeddable":true,"href":"https:\/\/novohorizonte.org.br\/home\/wp-json\/wp\/v2\/users\/1"}],"replies":[{"embeddable":true,"href":"https:\/\/novohorizonte.org.br\/home\/wp-json\/wp\/v2\/comments?post=4510"}],"version-history":[{"count":4,"href":"https:\/\/novohorizonte.org.br\/home\/wp-json\/wp\/v2\/pages\/4510\/revisions"}],"predecessor-version":[{"id":4514,"href":"https:\/\/novohorizonte.org.br\/home\/wp-json\/wp\/v2\/pages\/4510\/revisions\/4514"}],"wp:attachment":[{"href":"https:\/\/novohorizonte.org.br\/home\/wp-json\/wp\/v2\/media?parent=4510"}],"curies":[{"name":"wp","href":"https:\/\/api.w.org\/{rel}","templated":true}]}}